{"id":37010,"date":"2022-11-23T18:56:13","date_gmt":"2022-11-23T16:56:13","guid":{"rendered":"https:\/\/andaluzapartments.com\/cultuur-in-overvloed\/"},"modified":"2022-11-26T12:28:07","modified_gmt":"2022-11-26T10:28:07","slug":"cultuur-in-overvloed","status":"publish","type":"page","link":"https:\/\/andaluzapartments.com\/nl\/cultuur-in-overvloed\/","title":{"rendered":"Cultuur in overvloed"},"content":{"rendered":"\t\t<div data-elementor-type=\"wp-page\" data-elementor-id=\"37010\" class=\"elementor elementor-37010 elementor-28574\" data-elementor-post-type=\"page\">\n\t\t\t\t\t\t<section class=\"elementor-section elementor-top-section elementor-element elementor-element-5a65149 elementor-section-height-min-height elementor-section-stretched elementor-section-boxed elementor-section-height-default elementor-section-items-middle\" data-id=\"5a65149\" data-element_type=\"section\" data-e-type=\"section\" data-settings=\"{&quot;background_background&quot;:&quot;classic&quot;,&quot;stretch_section&quot;:&quot;section-stretched&quot;,&quot;jet_parallax_layout_list&quot;:[]}\">\n\t\t\t\t\t\t<div class=\"elementor-container elementor-column-gap-wider\">\n\t\t\t\t\t<div class=\"elementor-column elementor-col-50 elementor-top-column elementor-element elementor-element-96cbe6a\" data-id=\"96cbe6a\" data-element_type=\"column\" data-e-type=\"column\">\n\t\t\t<div class=\"elementor-widget-wrap elementor-element-populated\">\n\t\t\t\t\t\t<div class=\"elementor-element elementor-element-9448a8b elementor-widget elementor-widget-heading\" data-id=\"9448a8b\" data-element_type=\"widget\" data-e-type=\"widget\" data-widget_type=\"heading.default\">\n\t\t\t\t<div class=\"elementor-widget-container\">\n\t\t\t\t\t<h1 class=\"elementor-heading-title elementor-size-default\">Cultuur in overvloed<\/h1>\t\t\t\t<\/div>\n\t\t\t\t<\/div>\n\t\t\t\t<div class=\"elementor-element elementor-element-fbbfa7f elementor-widget elementor-widget-text-editor\" data-id=\"fbbfa7f\" data-element_type=\"widget\" data-e-type=\"widget\" data-widget_type=\"text-editor.default\">\n\t\t\t\t<div class=\"elementor-widget-container\">\n\t\t\t\t\t\t\t\t\t<p>De volgende trips geven slechts een kleine indruk van wat er in Andalusi\u00eb te beleven valt. Uiteraard is het aantal bezienswaardigheden en activiteiten v\u00e9\u00e9l uitgebreider dan op onze site vermeldt. De activiteiten hieronder vermeldt zijn op redelijke korte afstand en ideaal voor een dagtrip.<\/p>\n\t\t\t\t\t\t\t\t<\/div>\n\t\t\t\t<\/div>\n\t\t\t\t\t<\/div>\n\t\t<\/div>\n\t\t\t\t<div class=\"elementor-column elementor-col-50 elementor-top-column elementor-element elementor-element-b4f779b\" data-id=\"b4f779b\" data-element_type=\"column\" data-e-type=\"column\">\n\t\t\t<div class=\"elementor-widget-wrap elementor-element-populated\">\n\t\t\t\t\t\t<div class=\"elementor-element elementor-element-4f9d4c0 elementor-widget elementor-widget-image\" data-id=\"4f9d4c0\" data-element_type=\"widget\" data-e-type=\"widget\" data-widget_type=\"image.default\">\n\t\t\t\t<div class=\"elementor-widget-container\">\n\t\t\t\t\t\t\t\t\t\t\t\t\t\t\t<img fetchpriority=\"high\" decoding=\"async\" width=\"800\" height=\"600\" src=\"https:\/\/andaluzapartments.com\/wp-content\/uploads\/2022\/11\/culture-andaluz-apartments-1024x768-1.jpg\" class=\"attachment-large size-large wp-image-36253\" alt=\"Andaluz Apartments culture\" srcset=\"https:\/\/andaluzapartments.com\/wp-content\/uploads\/2022\/11\/culture-andaluz-apartments-1024x768-1.jpg 1024w, https:\/\/andaluzapartments.com\/wp-content\/uploads\/2022\/11\/culture-andaluz-apartments-1024x768-1-300x225.jpg 300w, https:\/\/andaluzapartments.com\/wp-content\/uploads\/2022\/11\/culture-andaluz-apartments-1024x768-1-768x576.jpg 768w\" sizes=\"(max-width: 800px) 100vw, 800px\" title=\"\">\t\t\t\t\t\t\t\t\t\t\t\t\t\t\t<\/div>\n\t\t\t\t<\/div>\n\t\t\t\t\t<\/div>\n\t\t<\/div>\n\t\t\t\t\t<\/div>\n\t\t<\/section>\n\t\t\t\t<section class=\"elementor-section elementor-top-section elementor-element elementor-element-85e0835 elementor-section-boxed elementor-section-height-default elementor-section-height-default\" data-id=\"85e0835\" data-element_type=\"section\" data-e-type=\"section\" data-settings=\"{&quot;jet_parallax_layout_list&quot;:[]}\">\n\t\t\t\t\t\t<div class=\"elementor-container elementor-column-gap-default\">\n\t\t\t\t\t<div class=\"elementor-column elementor-col-100 elementor-top-column elementor-element elementor-element-249e938\" data-id=\"249e938\" data-element_type=\"column\" data-e-type=\"column\">\n\t\t\t<div class=\"elementor-widget-wrap elementor-element-populated\">\n\t\t\t\t\t\t<div class=\"elementor-element elementor-element-ebc8b09 elementor-widget elementor-widget-jet-posts\" data-id=\"ebc8b09\" data-element_type=\"widget\" data-e-type=\"widget\" data-settings=\"{&quot;columns&quot;:&quot;3&quot;,&quot;columns_tablet&quot;:&quot;2&quot;,&quot;columns_mobile&quot;:&quot;1&quot;,&quot;slides_to_scroll&quot;:&quot;1&quot;}\" data-widget_type=\"jet-posts.default\">\n\t\t\t\t<div class=\"elementor-widget-container\">\n\t\t\t\t\t<div class=\"elementor-jet-posts jet-elements\"><div class=\"jet-posts col-row  jet-equal-cols\"><div class=\"jet-posts__item\">\n\t<div class=\"jet-posts__inner-box\"><div class=\"post-thumbnail\"><a href=\"https:\/\/andaluzapartments.com\/nl\/frigiliana\/\" class=\"post-thumbnail__link\"><img loading=\"lazy\" decoding=\"async\" class=\"post-thumbnail__img wp-post-image\" src=\"https:\/\/andaluzapartments.com\/wp-content\/uploads\/2022\/10\/img546ce4746d8a0.jpg\" alt=\"Frigiliana\" loading=\"lazy\" width=\"280\" height=\"403\" title=\"\"><\/a><\/div><div class=\"jet-posts__inner-content\"><h4 class=\"entry-title\"><a href=\"https:\/\/andaluzapartments.com\/nl\/frigiliana\/\" target=\"\">Frigiliana<\/a><\/h4><div class=\"post-meta\"><\/div><div class=\"entry-excerpt\">Frigiliana dit typische \u201cpueblo blanco\u201d is op slechts 10 minuten rijden van Nerja. Het dorp is meerdere malen uitgeroepen tot&hellip;<\/div><div class=\"jet-more-wrap\"><a href=\"https:\/\/andaluzapartments.com\/nl\/frigiliana\/\" class=\"btn btn-primary elementor-button elementor-size-md jet-more\" target=\"\"><span class=\"btn__text\">Meer lezen<\/span><span class=\"jet-elements-icon jet-more-icon\"><i aria-hidden=\"true\" class=\"fas fa-long-arrow-alt-right\"><\/i><\/span><\/a><\/div><\/div><\/div>\n<\/div>\n<div class=\"jet-posts__item\">\n\t<div class=\"jet-posts__inner-box\"><div class=\"post-thumbnail\"><a href=\"https:\/\/andaluzapartments.com\/nl\/malaga\/\" class=\"post-thumbnail__link\"><img loading=\"lazy\" decoding=\"async\" class=\"post-thumbnail__img wp-post-image\" src=\"https:\/\/andaluzapartments.com\/wp-content\/uploads\/2022\/10\/fd1bf5b0-34a1-4e5b-980d-acfc0f14f5a5.jpg\" alt=\"M\u00e1laga\" loading=\"lazy\" width=\"1024\" height=\"1024\" title=\"\"><\/a><\/div><div class=\"jet-posts__inner-content\"><h4 class=\"entry-title\"><a href=\"https:\/\/andaluzapartments.com\/nl\/malaga\/\" target=\"\">M\u00e1laga<\/a><\/h4><div class=\"post-meta\"><\/div><div class=\"entry-excerpt\">M\u00e1laga in M\u00e1laga zijn er diverse mogelijkheden. Zo kunt u bijvoorbeeld uitgebreid winkelen in het historisch centrum. Vindt u het&hellip;<\/div><div class=\"jet-more-wrap\"><a href=\"https:\/\/andaluzapartments.com\/nl\/malaga\/\" class=\"btn btn-primary elementor-button elementor-size-md jet-more\" target=\"\"><span class=\"btn__text\">Meer lezen<\/span><span class=\"jet-elements-icon jet-more-icon\"><i aria-hidden=\"true\" class=\"fas fa-long-arrow-alt-right\"><\/i><\/span><\/a><\/div><\/div><\/div>\n<\/div>\n<div class=\"jet-posts__item\">\n\t<div class=\"jet-posts__inner-box\"><div class=\"post-thumbnail\"><a href=\"https:\/\/andaluzapartments.com\/nl\/granada\/\" class=\"post-thumbnail__link\"><img loading=\"lazy\" decoding=\"async\" class=\"post-thumbnail__img wp-post-image\" src=\"https:\/\/andaluzapartments.com\/wp-content\/uploads\/2022\/10\/img546cfec5b1479.jpg\" alt=\"Granada\" loading=\"lazy\" width=\"201\" height=\"300\" title=\"\"><\/a><\/div><div class=\"jet-posts__inner-content\"><h4 class=\"entry-title\"><a href=\"https:\/\/andaluzapartments.com\/nl\/granada\/\" target=\"\">Granada<\/a><\/h4><div class=\"post-meta\"><\/div><div class=\"entry-excerpt\">Granada Granada ligt aan de voet van de bergketen \u201cSierra Nevada\u201d waar vele wintersportliefhebbers tijdens de winter menig uurtje doorbrengt.&hellip;<\/div><div class=\"jet-more-wrap\"><a href=\"https:\/\/andaluzapartments.com\/nl\/granada\/\" class=\"btn btn-primary elementor-button elementor-size-md jet-more\" target=\"\"><span class=\"btn__text\">Meer lezen<\/span><span class=\"jet-elements-icon jet-more-icon\"><i aria-hidden=\"true\" class=\"fas fa-long-arrow-alt-right\"><\/i><\/span><\/a><\/div><\/div><\/div>\n<\/div>\n<\/div>\n<\/div>\t\t\t\t<\/div>\n\t\t\t\t<\/div>\n\t\t\t\t\t<\/div>\n\t\t<\/div>\n\t\t\t\t\t<\/div>\n\t\t<\/section>\n\t\t\t\t<\/div>\n\t\t","protected":false},"excerpt":{"rendered":"<p>Cultuur in overvloed De volgende trips geven slechts een kleine indruk van wat er in Andalusi\u00eb te beleven valt. Uiteraard is het aantal bezienswaardigheden en activiteiten v\u00e9\u00e9l uitgebreider dan op onze site vermeldt. De activiteiten hieronder vermeldt zijn op redelijke korte afstand en ideaal voor een dagtrip. Granada Granada Granada is located at the foot [&hellip;]<\/p>\n","protected":false},"author":2,"featured_media":0,"parent":0,"menu_order":0,"comment_status":"closed","ping_status":"closed","template":"","meta":{"_acf_changed":false,"footnotes":""},"class_list":["post-37010","page","type-page","status-publish","hentry"],"acf":[],"_links":{"self":[{"href":"https:\/\/andaluzapartments.com\/nl\/wp-json\/wp\/v2\/pages\/37010","targetHints":{"allow":["GET"]}}],"collection":[{"href":"https:\/\/andaluzapartments.com\/nl\/wp-json\/wp\/v2\/pages"}],"about":[{"href":"https:\/\/andaluzapartments.com\/nl\/wp-json\/wp\/v2\/types\/page"}],"author":[{"embeddable":true,"href":"https:\/\/andaluzapartments.com\/nl\/wp-json\/wp\/v2\/users\/2"}],"replies":[{"embeddable":true,"href":"https:\/\/andaluzapartments.com\/nl\/wp-json\/wp\/v2\/comments?post=37010"}],"version-history":[{"count":5,"href":"https:\/\/andaluzapartments.com\/nl\/wp-json\/wp\/v2\/pages\/37010\/revisions"}],"predecessor-version":[{"id":37847,"href":"https:\/\/andaluzapartments.com\/nl\/wp-json\/wp\/v2\/pages\/37010\/revisions\/37847"}],"wp:attachment":[{"href":"https:\/\/andaluzapartments.com\/nl\/wp-json\/wp\/v2\/media?parent=37010"}],"curies":[{"name":"wp","href":"https:\/\/api.w.org\/{rel}","templated":true}]}}