{"id":40439,"date":"2023-04-04T12:46:50","date_gmt":"2023-04-04T10:46:50","guid":{"rendered":"https:\/\/andaluzapartments.com\/actividades-deportivas\/"},"modified":"2023-04-04T12:46:52","modified_gmt":"2023-04-04T10:46:52","slug":"actividades-deportivas","status":"publish","type":"page","link":"https:\/\/andaluzapartments.com\/es\/actividades-deportivas\/","title":{"rendered":"Actividades deportivas"},"content":{"rendered":"\t\t<div data-elementor-type=\"wp-page\" data-elementor-id=\"40439\" class=\"elementor elementor-40439 elementor-28680\" data-elementor-post-type=\"page\">\n\t\t\t\t\t\t<section class=\"elementor-section elementor-top-section elementor-element elementor-element-17586c9 elementor-section-height-min-height elementor-section-stretched elementor-section-boxed elementor-section-height-default elementor-section-items-middle\" data-id=\"17586c9\" data-element_type=\"section\" data-e-type=\"section\" data-settings=\"{&quot;background_background&quot;:&quot;classic&quot;,&quot;stretch_section&quot;:&quot;section-stretched&quot;,&quot;jet_parallax_layout_list&quot;:[]}\">\n\t\t\t\t\t\t<div class=\"elementor-container elementor-column-gap-wider\">\n\t\t\t\t\t<div class=\"elementor-column elementor-col-50 elementor-top-column elementor-element elementor-element-144318d\" data-id=\"144318d\" data-element_type=\"column\" data-e-type=\"column\">\n\t\t\t<div class=\"elementor-widget-wrap elementor-element-populated\">\n\t\t\t\t\t\t<div class=\"elementor-element elementor-element-783714f elementor-widget elementor-widget-heading\" data-id=\"783714f\" data-element_type=\"widget\" data-e-type=\"widget\" data-widget_type=\"heading.default\">\n\t\t\t\t<div class=\"elementor-widget-container\">\n\t\t\t\t\t<h1 class=\"elementor-heading-title elementor-size-default\">Actividades deportivas<\/h1>\t\t\t\t<\/div>\n\t\t\t\t<\/div>\n\t\t\t\t<div class=\"elementor-element elementor-element-0f35e4c elementor-widget elementor-widget-text-editor\" data-id=\"0f35e4c\" data-element_type=\"widget\" data-e-type=\"widget\" data-widget_type=\"text-editor.default\">\n\t\t\t\t<div class=\"elementor-widget-container\">\n\t\t\t\t\t\t\t\t\t<p>Debido al maravilloso clima de Andaluc\u00eda, esta zona es apta casi todo el a\u00f1o para diversas actividades deportivas. Por ejemplo, puede montar a caballo, hacer senderismo, bucear o incluso esquiar en Sierra Nevada, cerca de Granada. O qu\u00e9 me dice de jugar al golf ( <a title=\"http:\/\/www.bavieragolf.com\" href=\"http:\/\/www.bavieragolf.com\/\" target=\"_blank\" rel=\"external noopener\">http:\/\/www.bavieragolf.com<\/a> )?<\/p>\n<p>Tambi\u00e9n hay varias oficinas que organizan todo tipo de actividades. Aventura vital ( <a title=\"http:\/\/www.lifeadventure.eu\" href=\"http:\/\/www.lifeadventure.eu\/\" target=\"_blank\" rel=\"external noopener\">http:\/\/www.lifeadventure.eu<\/a> ) organiza jeep-tours y excursiones de senderismo, entre otras cosas. \u00bfLe gustan los deportes acu\u00e1ticos? Tambi\u00e9n se divertir\u00e1 mucho en Nerja. Por ejemplo, desde la playa de Burriana se puede ir en canoa hasta la cascada de Maro, \u00a1que s\u00f3lo se ve desde el mar!<\/p>\n\t\t\t\t\t\t\t\t<\/div>\n\t\t\t\t<\/div>\n\t\t\t\t\t<\/div>\n\t\t<\/div>\n\t\t\t\t<div class=\"elementor-column elementor-col-50 elementor-top-column elementor-element elementor-element-5089a44\" data-id=\"5089a44\" data-element_type=\"column\" data-e-type=\"column\">\n\t\t\t<div class=\"elementor-widget-wrap elementor-element-populated\">\n\t\t\t\t\t\t<div class=\"elementor-element elementor-element-5367fa1 elementor-widget elementor-widget-image\" data-id=\"5367fa1\" data-element_type=\"widget\" data-e-type=\"widget\" data-widget_type=\"image.default\">\n\t\t\t\t<div class=\"elementor-widget-container\">\n\t\t\t\t\t\t\t\t\t\t\t\t\t\t\t<img fetchpriority=\"high\" decoding=\"async\" width=\"800\" height=\"600\" src=\"https:\/\/andaluzapartments.com\/wp-content\/uploads\/2022\/11\/sportive-activities-andaluz-apartments-1024x768-1.jpg\" class=\"attachment-large size-large wp-image-40232\" alt=\"\" srcset=\"https:\/\/andaluzapartments.com\/wp-content\/uploads\/2022\/11\/sportive-activities-andaluz-apartments-1024x768-1.jpg 1024w, https:\/\/andaluzapartments.com\/wp-content\/uploads\/2022\/11\/sportive-activities-andaluz-apartments-1024x768-1-300x225.jpg 300w, https:\/\/andaluzapartments.com\/wp-content\/uploads\/2022\/11\/sportive-activities-andaluz-apartments-1024x768-1-768x576.jpg 768w\" sizes=\"(max-width: 800px) 100vw, 800px\" title=\"\">\t\t\t\t\t\t\t\t\t\t\t\t\t\t\t<\/div>\n\t\t\t\t<\/div>\n\t\t\t\t\t<\/div>\n\t\t<\/div>\n\t\t\t\t\t<\/div>\n\t\t<\/section>\n\t\t\t\t<section class=\"elementor-section elementor-top-section elementor-element elementor-element-73433d4 elementor-section-boxed elementor-section-height-default elementor-section-height-default\" data-id=\"73433d4\" data-element_type=\"section\" data-e-type=\"section\" data-settings=\"{&quot;jet_parallax_layout_list&quot;:[]}\">\n\t\t\t\t\t\t<div class=\"elementor-container elementor-column-gap-default\">\n\t\t\t\t\t<div class=\"elementor-column elementor-col-100 elementor-top-column elementor-element elementor-element-e2122a2\" data-id=\"e2122a2\" data-element_type=\"column\" data-e-type=\"column\">\n\t\t\t<div class=\"elementor-widget-wrap elementor-element-populated\">\n\t\t\t\t\t\t<div class=\"elementor-element elementor-element-995fa61 elementor-hidden-desktop elementor-hidden-tablet elementor-hidden-mobile elementor-widget elementor-widget-jet-posts\" data-id=\"995fa61\" data-element_type=\"widget\" data-e-type=\"widget\" data-settings=\"{&quot;columns&quot;:&quot;3&quot;,&quot;columns_tablet&quot;:&quot;2&quot;,&quot;columns_mobile&quot;:&quot;1&quot;,&quot;slides_to_scroll&quot;:&quot;1&quot;}\" data-widget_type=\"jet-posts.default\">\n\t\t\t\t<div class=\"elementor-widget-container\">\n\t\t\t\t\t<div class=\"elementor-jet-posts jet-elements\"><div class=\"jet-posts col-row \"><\/div>\n<\/div>\t\t\t\t<\/div>\n\t\t\t\t<\/div>\n\t\t\t\t\t<\/div>\n\t\t<\/div>\n\t\t\t\t\t<\/div>\n\t\t<\/section>\n\t\t\t\t<\/div>\n\t\t","protected":false},"excerpt":{"rendered":"<p>Actividades deportivas Debido al maravilloso clima de Andaluc\u00eda, esta zona es apta casi todo el a\u00f1o para diversas actividades deportivas. Por ejemplo, puede montar a caballo, hacer senderismo, bucear o incluso esquiar en Sierra Nevada, cerca de Granada. O qu\u00e9 me dice de jugar al golf ( http:\/\/www.bavieragolf.com )? Tambi\u00e9n hay varias oficinas que organizan [&hellip;]<\/p>\n","protected":false},"author":2,"featured_media":0,"parent":0,"menu_order":0,"comment_status":"closed","ping_status":"closed","template":"","meta":{"_acf_changed":false,"footnotes":""},"class_list":["post-40439","page","type-page","status-publish","hentry"],"acf":[],"_links":{"self":[{"href":"https:\/\/andaluzapartments.com\/es\/wp-json\/wp\/v2\/pages\/40439","targetHints":{"allow":["GET"]}}],"collection":[{"href":"https:\/\/andaluzapartments.com\/es\/wp-json\/wp\/v2\/pages"}],"about":[{"href":"https:\/\/andaluzapartments.com\/es\/wp-json\/wp\/v2\/types\/page"}],"author":[{"embeddable":true,"href":"https:\/\/andaluzapartments.com\/es\/wp-json\/wp\/v2\/users\/2"}],"replies":[{"embeddable":true,"href":"https:\/\/andaluzapartments.com\/es\/wp-json\/wp\/v2\/comments?post=40439"}],"version-history":[{"count":1,"href":"https:\/\/andaluzapartments.com\/es\/wp-json\/wp\/v2\/pages\/40439\/revisions"}],"predecessor-version":[{"id":40440,"href":"https:\/\/andaluzapartments.com\/es\/wp-json\/wp\/v2\/pages\/40439\/revisions\/40440"}],"wp:attachment":[{"href":"https:\/\/andaluzapartments.com\/es\/wp-json\/wp\/v2\/media?parent=40439"}],"curies":[{"name":"wp","href":"https:\/\/api.w.org\/{rel}","templated":true}]}}