{"id":40435,"date":"2023-04-04T12:44:07","date_gmt":"2023-04-04T10:44:07","guid":{"rendered":"https:\/\/andaluzapartments.com\/garantia-rebook\/"},"modified":"2023-04-04T12:44:08","modified_gmt":"2023-04-04T10:44:08","slug":"garantia-rebook","status":"publish","type":"page","link":"https:\/\/andaluzapartments.com\/es\/garantia-rebook\/","title":{"rendered":"Garant\u00eda Rebook"},"content":{"rendered":"\t\t<div data-elementor-type=\"wp-page\" data-elementor-id=\"40435\" class=\"elementor elementor-40435 elementor-6016\" data-elementor-post-type=\"page\">\n\t\t\t\t\t\t<section class=\"elementor-section elementor-top-section elementor-element elementor-element-1faed82 elementor-section-boxed elementor-section-height-default elementor-section-height-default\" data-id=\"1faed82\" data-element_type=\"section\" data-e-type=\"section\" data-settings=\"{&quot;jet_parallax_layout_list&quot;:[]}\">\n\t\t\t\t\t\t<div class=\"elementor-container elementor-column-gap-default\">\n\t\t\t\t\t<div class=\"elementor-column elementor-col-100 elementor-top-column elementor-element elementor-element-4c68ccc\" data-id=\"4c68ccc\" data-element_type=\"column\" data-e-type=\"column\">\n\t\t\t<div class=\"elementor-widget-wrap elementor-element-populated\">\n\t\t\t\t\t\t<div class=\"elementor-element elementor-element-3584041 elementor-widget elementor-widget-heading\" data-id=\"3584041\" data-element_type=\"widget\" data-e-type=\"widget\" data-widget_type=\"heading.default\">\n\t\t\t\t<div class=\"elementor-widget-container\">\n\t\t\t\t\t<h1 class=\"elementor-heading-title elementor-size-default\">Garant\u00eda Rebook<\/h1>\t\t\t\t<\/div>\n\t\t\t\t<\/div>\n\t\t\t\t<div class=\"elementor-element elementor-element-37335da elementor-widget elementor-widget-text-editor\" data-id=\"37335da\" data-element_type=\"widget\" data-e-type=\"widget\" data-widget_type=\"text-editor.default\">\n\t\t\t\t<div class=\"elementor-widget-container\">\n\t\t\t\t\t\t\t\t\t<p id=\"tw-target-text\" class=\"tw-data-text tw-text-large tw-ta\" dir=\"ltr\" data-placeholder=\"Vertaling\"><span class=\"Y2IQFc\" lang=\"en\">A veces ocurre algo que de repente te obliga a cancelar tus vacaciones. Esto es a\u00fan m\u00e1s molesto si ya no se puede cancelar de forma gratuita. <\/span><\/p>\n<p class=\"tw-data-text tw-text-large tw-ta\" dir=\"ltr\" data-placeholder=\"Vertaling\"><span class=\"Y2IQFc\" lang=\"en\">A Apartamentos Andaluz le gusta pensar junto con usted y ofrece a nuestros hu\u00e9spedes una garant\u00eda de <strong>cambio de reserva<\/strong> . Con esta garant\u00eda de cambio de reserva tiene la opci\u00f3n de cambiar la reserva de sus vacaciones a otro periodo <strong>de forma gratuita y sin indicar los motivos<\/strong> . Se puede volver a reservar hasta 14 d\u00edas antes de la llegada.<\/span><\/p>\n<p class=\"tw-data-text tw-text-large tw-ta\" dir=\"ltr\" data-placeholder=\"Vertaling\"><span class=\"Y2IQFc\" lang=\"en\">Esta garant\u00eda de cambio de reserva s\u00f3lo se aplica a estancias en el periodo comprendido entre el 1 de abril y el 1 de noviembre. Las reservas de invierno no tienen derecho a garant\u00eda de cambio de reserva. <\/p>\n<p>En cuanto a la diferencia de precio entre la reserva original y la nueva reserva, la condici\u00f3n es que el importe del alquiler* de la nueva reserva no sea inferior en m\u00e1s de un 15% al importe del alquiler de la reserva original. Si el importe del alquiler de la nueva reserva se encarece, el coste adicional de estas vacaciones correr\u00e1 a su cargo. Si el importe del alquiler de la nueva estancia es inferior, Apartamentos Andaluz le devolver\u00e1 la diferencia, hasta un m\u00e1ximo del 15% de la reserva inicial. Se tiene en cuenta el importe ya abonado por la reserva original. Esto puede significar que no se pague la totalidad del 15% tras la liquidaci\u00f3n. Por reserva original se entiende la primera reserva efectuada y el c\u00e1lculo descrito anteriormente se basa en el importe total del alquiler de la reserva original. <\/p>\n<p><\/span><span class=\"Y2IQFc\" lang=\"en\">* Por importe del alquiler entendemos el alquiler del apartamento, no la limpieza final, fianza o extras que se hayan reservado.<\/span><\/p>\n<p class=\"tw-data-text tw-text-large tw-ta\" dir=\"ltr\" data-placeholder=\"Vertaling\"><span class=\"Y2IQFc\" lang=\"en\">La garant\u00eda de cambio de reserva no se aplica en combinaci\u00f3n con otros descuentos u ofertas.<\/span><\/p>\n<p class=\"tw-data-text tw-text-large tw-ta\" dir=\"ltr\" data-placeholder=\"Vertaling\"><span class=\"Y2IQFc\" lang=\"en\">Si ha hecho uso de la garant\u00eda de cambio de reserva, ya no es posible anular la reserva gratuitamente.<\/span><\/p>\n\t\t\t\t\t\t\t\t<\/div>\n\t\t\t\t<\/div>\n\t\t\t\t\t<\/div>\n\t\t<\/div>\n\t\t\t\t\t<\/div>\n\t\t<\/section>\n\t\t\t\t<\/div>\n\t\t","protected":false},"excerpt":{"rendered":"<p>Garant\u00eda Rebook A veces ocurre algo que de repente te obliga a cancelar tus vacaciones. Esto es a\u00fan m\u00e1s molesto si ya no se puede cancelar de forma gratuita. A Apartamentos Andaluz le gusta pensar junto con usted y ofrece a nuestros hu\u00e9spedes una garant\u00eda de cambio de reserva . Con esta garant\u00eda de cambio [&hellip;]<\/p>\n","protected":false},"author":2,"featured_media":0,"parent":0,"menu_order":0,"comment_status":"closed","ping_status":"closed","template":"","meta":{"_acf_changed":false,"footnotes":""},"class_list":["post-40435","page","type-page","status-publish","hentry"],"acf":[],"_links":{"self":[{"href":"https:\/\/andaluzapartments.com\/es\/wp-json\/wp\/v2\/pages\/40435","targetHints":{"allow":["GET"]}}],"collection":[{"href":"https:\/\/andaluzapartments.com\/es\/wp-json\/wp\/v2\/pages"}],"about":[{"href":"https:\/\/andaluzapartments.com\/es\/wp-json\/wp\/v2\/types\/page"}],"author":[{"embeddable":true,"href":"https:\/\/andaluzapartments.com\/es\/wp-json\/wp\/v2\/users\/2"}],"replies":[{"embeddable":true,"href":"https:\/\/andaluzapartments.com\/es\/wp-json\/wp\/v2\/comments?post=40435"}],"version-history":[{"count":1,"href":"https:\/\/andaluzapartments.com\/es\/wp-json\/wp\/v2\/pages\/40435\/revisions"}],"predecessor-version":[{"id":40436,"href":"https:\/\/andaluzapartments.com\/es\/wp-json\/wp\/v2\/pages\/40435\/revisions\/40436"}],"wp:attachment":[{"href":"https:\/\/andaluzapartments.com\/es\/wp-json\/wp\/v2\/media?parent=40435"}],"curies":[{"name":"wp","href":"https:\/\/api.w.org\/{rel}","templated":true}]}}