{"id":40433,"date":"2023-04-04T12:42:15","date_gmt":"2023-04-04T10:42:15","guid":{"rendered":"https:\/\/andaluzapartments.com\/politica-de-privacidad\/"},"modified":"2023-04-04T12:42:16","modified_gmt":"2023-04-04T10:42:16","slug":"politica-de-privacidad","status":"publish","type":"page","link":"https:\/\/andaluzapartments.com\/es\/politica-de-privacidad\/","title":{"rendered":"Pol\u00edtica de privacidad"},"content":{"rendered":"\t\t<div data-elementor-type=\"wp-page\" data-elementor-id=\"40433\" class=\"elementor elementor-40433 elementor-37549\" data-elementor-post-type=\"page\">\n\t\t\t\t\t\t<section class=\"elementor-section elementor-top-section elementor-element elementor-element-aafa542 elementor-section-height-min-height elementor-section-stretched elementor-section-boxed elementor-section-height-default elementor-section-items-middle\" data-id=\"aafa542\" data-element_type=\"section\" data-e-type=\"section\" data-settings=\"{&quot;background_background&quot;:&quot;classic&quot;,&quot;stretch_section&quot;:&quot;section-stretched&quot;,&quot;jet_parallax_layout_list&quot;:[]}\">\n\t\t\t\t\t\t<div class=\"elementor-container elementor-column-gap-wider\">\n\t\t\t\t\t<div class=\"elementor-column elementor-col-100 elementor-top-column elementor-element elementor-element-e7460cb\" data-id=\"e7460cb\" data-element_type=\"column\" data-e-type=\"column\">\n\t\t\t<div class=\"elementor-widget-wrap elementor-element-populated\">\n\t\t\t\t\t\t<div class=\"elementor-element elementor-element-6e62d04 elementor-widget elementor-widget-heading\" data-id=\"6e62d04\" data-element_type=\"widget\" data-e-type=\"widget\" data-widget_type=\"heading.default\">\n\t\t\t\t<div class=\"elementor-widget-container\">\n\t\t\t\t\t<h1 class=\"elementor-heading-title elementor-size-default\">Pol\u00edtica de privacidad Apartamentos Andaluz<\/h1>\t\t\t\t<\/div>\n\t\t\t\t<\/div>\n\t\t\t\t<div class=\"elementor-element elementor-element-29feb94 elementor-widget elementor-widget-text-editor\" data-id=\"29feb94\" data-element_type=\"widget\" data-e-type=\"widget\" data-widget_type=\"text-editor.default\">\n\t\t\t\t<div class=\"elementor-widget-container\">\n\t\t\t\t\t\t\t\t\t<p><strong>1) Garant\u00edas de privacidad<\/strong><\/p>\n<p>Salvaguardar la privacidad de los visitantes de https:\/\/andaluzapartments.com es una tarea importante para nosotros. Por lo tanto, en nuestra pol\u00edtica de privacidad describimos qu\u00e9 informaci\u00f3n recopilamos y c\u00f3mo la usamos.<\/p>\n<p><strong>2) Consentimiento<\/strong><\/p>\n<p>Al utilizar la informaci\u00f3n y los servicios de https:\/\/andaluzapartments.com, usted acepta nuestra pol\u00edtica de privacidad y las condiciones que hemos incluido en ella.<\/p>\n<p><strong>3) Preguntas<\/strong><\/p>\n<p>Si desea recibir m\u00e1s informaci\u00f3n, o tiene alguna pregunta sobre la pol\u00edtica de privacidad de Apartamentos Andaluz y en concreto sobre https:\/\/andaluzapartments.com, p\u00f3ngase en contacto con nosotros a trav\u00e9s del correo electr\u00f3nico. Nuestra direcci\u00f3n de correo electr\u00f3nico es info@andaluzapartments.com .<\/p>\n<p><strong>4) Monitoreo del comportamiento de los visitantes<\/strong><\/p>\n<p>https:\/\/andaluzapartments.com &nbsp;usa diversas t\u00e9cnicas para hacer un seguimiento de qui\u00e9n visita el sitio web, c\u00f3mo se comporta este visitante en el sitio web y qu\u00e9 p\u00e1ginas visita. Se trata de una forma de trabajar habitual en los sitios web, ya que proporciona informaci\u00f3n que contribuye a la calidad de la experiencia del usuario. La informaci\u00f3n que registramos a trav\u00e9s de las cookies incluye direcciones IP, tipo de navegador y p\u00e1ginas visitadas.<\/p>\n<p>Tambi\u00e9n monitoreamos d\u00f3nde los visitantes visitan el sitio web por primera vez y de qu\u00e9 p\u00e1gina salen. Mantenemos esta informaci\u00f3n an\u00f3nima y no est\u00e1 vinculada a ninguna otra informaci\u00f3n personal.<\/p>\n<p><strong>5) Uso de cookies<\/strong><\/p>\n<p>https:\/\/andaluzapartments.com coloca cookies en los visitantes. Hacemos esto para recopilar informaci\u00f3n sobre las p\u00e1ginas que los usuarios visitan en nuestro sitio web, para realizar un seguimiento de la frecuencia con la que los visitantes regresan y para ver qu\u00e9 p\u00e1ginas est\u00e1n funcionando bien en el sitio web. Tambi\u00e9n rastreamos qu\u00e9 informaci\u00f3n comparte el navegador.<\/p>\n<p><strong>6) Deshabilitar las cookies<\/strong><\/p>\n<p>Puede optar por deshabilitar las cookies. Para ello, utilice las opciones de su navegador. Puede encontrar m\u00e1s informaci\u00f3n sobre estas posibilidades en el sitio web de su proveedor de navegador.<\/p>\n<p><strong>7) Cookies de terceros<\/strong><\/p>\n<p>Es posible que terceros, como Google, hagan publicidad en nuestro sitio web o que utilicemos otro servicio. Para este prop\u00f3sito, estos terceros colocan cookies en algunos casos. Estas cookies no pueden ser influenciadas por https:\/\/andaluzapartments.com.<\/p>\t\t\t\t\t\t\t\t<\/div>\n\t\t\t\t<\/div>\n\t\t\t\t\t<\/div>\n\t\t<\/div>\n\t\t\t\t\t<\/div>\n\t\t<\/section>\n\t\t\t\t<\/div>\n\t\t","protected":false},"excerpt":{"rendered":"<p>Pol\u00edtica de privacidad Apartamentos Andaluz 1) Garant\u00edas de privacidad Salvaguardar la privacidad de los visitantes de https:\/\/andaluzapartments.com es una tarea importante para nosotros. Por lo tanto, en nuestra pol\u00edtica de privacidad describimos qu\u00e9 informaci\u00f3n recopilamos y c\u00f3mo la usamos. 2) Consentimiento Al utilizar la informaci\u00f3n y los servicios de https:\/\/andaluzapartments.com, usted acepta nuestra pol\u00edtica de [&hellip;]<\/p>\n","protected":false},"author":2,"featured_media":0,"parent":0,"menu_order":0,"comment_status":"closed","ping_status":"closed","template":"","meta":{"_acf_changed":false,"footnotes":""},"class_list":["post-40433","page","type-page","status-publish","hentry"],"acf":[],"_links":{"self":[{"href":"https:\/\/andaluzapartments.com\/es\/wp-json\/wp\/v2\/pages\/40433","targetHints":{"allow":["GET"]}}],"collection":[{"href":"https:\/\/andaluzapartments.com\/es\/wp-json\/wp\/v2\/pages"}],"about":[{"href":"https:\/\/andaluzapartments.com\/es\/wp-json\/wp\/v2\/types\/page"}],"author":[{"embeddable":true,"href":"https:\/\/andaluzapartments.com\/es\/wp-json\/wp\/v2\/users\/2"}],"replies":[{"embeddable":true,"href":"https:\/\/andaluzapartments.com\/es\/wp-json\/wp\/v2\/comments?post=40433"}],"version-history":[{"count":1,"href":"https:\/\/andaluzapartments.com\/es\/wp-json\/wp\/v2\/pages\/40433\/revisions"}],"predecessor-version":[{"id":40434,"href":"https:\/\/andaluzapartments.com\/es\/wp-json\/wp\/v2\/pages\/40433\/revisions\/40434"}],"wp:attachment":[{"href":"https:\/\/andaluzapartments.com\/es\/wp-json\/wp\/v2\/media?parent=40433"}],"curies":[{"name":"wp","href":"https:\/\/api.w.org\/{rel}","templated":true}]}}