{"id":40427,"date":"2023-04-04T12:39:11","date_gmt":"2023-04-04T10:39:11","guid":{"rendered":"https:\/\/andaluzapartments.com\/condiciones-de-alquiler\/"},"modified":"2023-04-04T12:39:12","modified_gmt":"2023-04-04T10:39:12","slug":"condiciones-de-alquiler","status":"publish","type":"page","link":"https:\/\/andaluzapartments.com\/es\/condiciones-de-alquiler\/","title":{"rendered":"Condiciones de alquiler"},"content":{"rendered":"\t\t<div data-elementor-type=\"wp-page\" data-elementor-id=\"40427\" class=\"elementor elementor-40427 elementor-20965\" data-elementor-post-type=\"page\">\n\t\t\t\t\t\t<section class=\"elementor-section elementor-top-section elementor-element elementor-element-d0ba9c0 elementor-section-boxed elementor-section-height-default elementor-section-height-default\" data-id=\"d0ba9c0\" data-element_type=\"section\" data-e-type=\"section\" data-settings=\"{&quot;jet_parallax_layout_list&quot;:[]}\">\n\t\t\t\t\t\t<div class=\"elementor-container elementor-column-gap-default\">\n\t\t\t\t\t<div class=\"elementor-column elementor-col-100 elementor-top-column elementor-element elementor-element-609463e\" data-id=\"609463e\" data-element_type=\"column\" data-e-type=\"column\">\n\t\t\t<div class=\"elementor-widget-wrap elementor-element-populated\">\n\t\t\t\t\t\t<div class=\"elementor-element elementor-element-99e99de elementor-widget elementor-widget-heading\" data-id=\"99e99de\" data-element_type=\"widget\" data-e-type=\"widget\" data-widget_type=\"heading.default\">\n\t\t\t\t<div class=\"elementor-widget-container\">\n\t\t\t\t\t<h1 class=\"elementor-heading-title elementor-size-default\">Condiciones de alquiler Apartamentos Andaluz<\/h1>\t\t\t\t<\/div>\n\t\t\t\t<\/div>\n\t\t\t\t<div class=\"elementor-element elementor-element-6eed727 elementor-widget elementor-widget-text-editor\" data-id=\"6eed727\" data-element_type=\"widget\" data-e-type=\"widget\" data-widget_type=\"text-editor.default\">\n\t\t\t\t<div class=\"elementor-widget-container\">\n\t\t\t\t\t\t\t\t\t<p><strong><span style=\"text-decoration: underline;\">Registro de entrada y salida:<\/span><\/strong><\/p>\n<p>Es posible registrarse a partir de las 15.00 horas.<br \/>La salida es posible hasta las 10 de la ma\u00f1ana.<br \/>Siempre que sea posible Apartamentos Andaluz ser\u00e1 flexible en caso de llegada anticipada o salida tard\u00eda.<br \/>Si la salida se realiza despu\u00e9s de las 12 de la noche, se cobrar\u00e1n 35 euros.<\/p>\n<p><span style=\"text-decoration: underline;\"><strong>Fumar y mascotas:<\/strong><\/span><br \/>No se permite fumar ni tener mascotas. Si se comprueba que no se cumplen estas normas, se cobrar\u00e1 una tasa de limpieza adicional de 100 euros y nos reservamos el derecho a denegarle el acceso al apartamento. No hay derecho al reembolso de los d\u00edas de vacaciones no disfrutados.<\/p>\n<p><span style=\"text-decoration: underline;\"><strong>Dep\u00f3sito:<\/strong><\/span><br \/>El pago de un dep\u00f3sito (150 euros) es obligatorio (se aplica un dep\u00f3sito diferente para las estancias a partir de noviembre<br \/>del 1 de enero al 1 de abril de cada a\u00f1o debido a los costes de electricidad (v\u00e9ase la nota). El dep\u00f3sito debe abonarse por adelantado al mismo tiempo que el coste de la estancia. Si no se ha detectado ning\u00fan da\u00f1o (o p\u00e9rdida) en la casa, los enseres dom\u00e9sticos y la ropa de cama, se le reembolsar\u00e1 la fianza en un plazo de 7 d\u00edas tras la salida, en el n\u00famero de cuenta desde el que realiz\u00f3 la reserva o en la tarjeta de cr\u00e9dito utilizada. El apartamento ser\u00e1 limpiado y revisado al mismo tiempo despu\u00e9s de su salida, por lo que lamentablemente no es posible devolver el dep\u00f3sito en efectivo en el momento del check-out.<\/p>\n<p><span style=\"text-decoration: underline;\"><strong>Pago:<\/strong><\/span><br \/>Una vez confirmada su reserva, recibir\u00e1 lo antes posible una confirmaci\u00f3n de la misma por nuestra parte. Se le pide que pague el coste total en 2 plazos. El primer pago (50%) debe estar en nuestro poder en un plazo de 7 d\u00edas a partir de la fecha indicada en la confirmaci\u00f3n de la reserva. El resto (50%) deber\u00e1 abonarse a m\u00e1s tardar 6 semanas antes de su llegada. En caso de retraso en el pago de su reserva, nos reservamos el derecho de anularla sin reembolsarle los pagos que haya efectuado previamente.<\/p>\n<p>El precio total del alquiler incluye:<br \/>&#8211; el alquiler del apartamento<br \/>&#8211; la ropa de cocina, cama y ba\u00f1o<br \/>&#8211; consumo (normal) de agua y electricidad (s\u00f3lo de abril a octubre)<br \/>&#8211; aire acondicionado: 105 kW semanales gratuitos del 1 de abril al 31 de octubre. Por encima de las cantidades mencionadas para el aire acondicionado se cobran 0,45 \u20ac por KW.<\/p>\n<p><strong>Nota:<\/strong> La electricidad no est\u00e1 incluida en el alquiler durante la temporada de invierno del 1 de noviembre al 1 de abril de cada a\u00f1o. Proporcionamos gratuitamente a nuestros hu\u00e9spedes 225 kW por 30 d\u00edas (7,5 kW al d\u00eda). Los costes del consumo adicional son de 0,45 euros por kW. Hay un contador de kWh en el apartamento para que pueda comprobar su consumo. Los costes del consumo adicional se deducir\u00e1n del dep\u00f3sito. El dep\u00f3sito para la electricidad es de 1,75 euros al d\u00eda para los apartamentos de 2 dormitorios y de 2,25 euros al d\u00eda para los de 3 y 4 dormitorios. Las bombonas de gas no est\u00e1n incluidas en el precio del alquiler.<\/p>\n<p><span style=\"text-decoration: underline;\"><strong>Cancelaci\u00f3n:<\/strong><\/span><br \/>La cancelaci\u00f3n es posible. Puede cancelar sin cargo alguno si lo hace con m\u00e1s de 3 meses de antelaci\u00f3n a la llegada. En caso de cancelaci\u00f3n m\u00e1s de 6 semanas antes de la llegada, deber\u00e1 abonar el 50% del precio total del alquiler. En caso de cancelaci\u00f3n dentro de las 6 semanas anteriores a la llegada, se le cobrar\u00e1 el precio total del alquiler. La salida anticipada del apartamento no da derecho al reembolso (parcial) del alquiler. Si cancela su reserva, se cargar\u00e1n 35 euros en concepto de gastos de administraci\u00f3n. No hay derecho a reembolso del importe total del viaje si no puede viajar a Espa\u00f1a y\/o a su apartamento por causas de fuerza mayor como cat\u00e1strofes naturales, enfermedades, virus, etc. Si esta situaci\u00f3n se produce dentro de las 6 semanas anteriores a la llegada de su estancia, se mantiene la obligaci\u00f3n de abonar la totalidad del importe del viaje. Le aconsejamos que contrate un buen seguro de viaje y\/o anulaci\u00f3n.<\/p>\n<p><span style=\"text-decoration: underline;\"><strong>Ocupaci\u00f3n m\u00e1xima:<\/strong><\/span><br \/>Apartamentos Andaluz est\u00e1 registrado en la Junta de Andaluc\u00eda. Nuestros apartamentos han sido comprobados y aprobados para el n\u00famero m\u00e1ximo de hu\u00e9spedes mencionado en la descripci\u00f3n del apartamento. Para evitar una multa, problemas con el seguro en caso de calamidades y la posible p\u00e9rdida de nuestra licencia, lamentablemente nos veremos obligados a denegar el acceso al apartamento a las personas extra cuando se supere el n\u00famero m\u00e1ximo de personas permitido.<\/p>\n<p><span style=\"text-decoration: underline;\"><strong>Servicio de limpieza:<\/strong><\/span><br \/>El apartamento se entregar\u00e1 limpio a la llegada. Durante su estancia no se limpiar\u00e1. Cuando se aloje en el apartamento durante 8 noches o m\u00e1s, se le cambiar\u00e1 la ropa de cama (excepto a los hu\u00e9spedes de larga estancia en invierno).<\/p>\n<p><span style=\"text-decoration: underline;\"><strong>Lino:<\/strong><\/span><br \/>Nuestros apartamentos se entregan con ropa de cama, de ba\u00f1o y de cocina a la llegada. Le rogamos que trate esto con cuidado para que los pr\u00f3ximos hu\u00e9spedes tambi\u00e9n tengan ropa de cama limpia y fresca. No est\u00e1 permitido sacar la ropa de cama al exterior. En caso de manchas dif\u00edciles de quitar en la ropa blanca, como lej\u00eda, maquillaje, tinte para el pelo, crema bronceadora, manchas de tatuajes, esmalte de u\u00f1as, rotulador, aceite bronceador o manchas de sangre, se cobrar\u00e1 el importe correspondiente, ya que la ropa blanca dejar\u00e1 de ser utilizable.<\/p>\n<p>Los costes son:<br \/>&#8211; funda n\u00f3rdica \u20ac 15,00<br \/>&#8211; hoja \/ protector matrass \u20ac 10,00<br \/>&#8211; toalla grande 7,50 \u20ac<br \/>&#8211; toalla peque\u00f1a \/ colchoneta de ba\u00f1o \/ funda de almohada \u20ac 5,00<br \/>&#8211; pa\u00f1o de cocina peque\u00f1o \u20ac 2,50<br \/>&#8211; funda de sof\u00e1 45,00 \u20ac<\/p>\n<p><span style=\"text-decoration: underline;\"><strong>Parking:<\/strong><\/span><br \/>El complejo (MDN01, MDN02, MDN03, MDN04, MDN05, MDN06, MDN07, TOR01, TOR04 yTOR05) dispone de plazas de aparcamiento cubiertas de uso gratuito. Puede aparcar un m\u00e1ximo de un coche por apartamento en el lugar adecuado.<\/p>\n<p>El aparcamiento TOR01 es adecuado para coches familiares peque\u00f1os y medianos gracias a los pilares del garaje. <\/p>\n<p><span style=\"text-decoration: underline;\"><strong>Piscina comunitaria:<\/strong><\/span><br \/>El complejo (MDN01, MDN02, MDN03, MDN04, MDN04, MDN05, MDN06, MDN07, TOR01, TOR04, TOR05 y Laguna) dispone de piscina comunitaria. Puede utilizarlo gratuitamente. El uso de la piscina corre por su cuenta y riesgo. Todas las piscinas son de temporada, las fechas de apertura y cierre las determina la comunidad.<\/p>\n<p>Apartamento LAGUNA tiene una piscina cubierta climatizada que se puede utilizar en invierno. <\/p>\n<p><span style=\"text-decoration: underline;\"><strong>Seguro de viaje y anulaci\u00f3n:<\/strong><\/span><br \/>Aconsejamos a todos nuestros hu\u00e9spedes que contraten un seguro de viaje y cancelaci\u00f3n en caso de calamidades.<\/p>\n<p><span style=\"text-decoration: underline;\"><strong>Compru\u00e9balo:<\/strong><\/span><br \/>Si lo desea, ser\u00e1 recibido personalmente el d\u00eda de salida. Si te vas antes de las 10 de la ma\u00f1ana, te despediremos el d\u00eda anterior. No es necesario recoger las camas, lavar las toallas ni limpiar el apartamento. Sin embargo, le rogamos que vac\u00ede el apartamento (no deje ning\u00fan residuo, comida o bebida, ni bolsas de basura con residuos). En las inmediaciones del apartamento encontrar\u00e1 contenedores donde podr\u00e1 depositar f\u00e1cilmente sus residuos. Si el personal de Apartamentos Andaluz tiene que deshacerse de sus residuos, es posible que se le cobre una tasa. Estos costes ascienden a 15 euros por bolsa de basura.<\/p>\n<p><span style=\"text-decoration: underline;\"><strong>Responsabilidad civil:<\/strong><\/span><br \/>Apartamentos Andaluz no se hace responsable de ning\u00fan accidente, lesi\u00f3n o enfermedad que ocurra durante su estancia en el apartamento o en sus alrededores. Apartamentos Andaluz tampoco se hace responsable de la p\u00e9rdida de objetos personales o de valor.<\/p>\n<p>Licencia tur\u00edstica:<br \/>Apartamentos Andaluz est\u00e1 registrado en la Junta de Andaluc\u00eda con los n\u00fameros A\/MA\/01388, A\/MA\/01504 y VFT\/MA\/57062 y en posesi\u00f3n del preceptivo \u00abLibro de quejas\u00bb.<\/p>\n\t\t\t\t\t\t\t\t<\/div>\n\t\t\t\t<\/div>\n\t\t\t\t\t<\/div>\n\t\t<\/div>\n\t\t\t\t\t<\/div>\n\t\t<\/section>\n\t\t\t\t<\/div>\n\t\t","protected":false},"excerpt":{"rendered":"<p>Condiciones de alquiler Apartamentos Andaluz Registro de entrada y salida: Es posible registrarse a partir de las 15.00 horas.La salida es posible hasta las 10 de la ma\u00f1ana.Siempre que sea posible Apartamentos Andaluz ser\u00e1 flexible en caso de llegada anticipada o salida tard\u00eda.Si la salida se realiza despu\u00e9s de las 12 de la noche, se [&hellip;]<\/p>\n","protected":false},"author":2,"featured_media":0,"parent":0,"menu_order":0,"comment_status":"closed","ping_status":"closed","template":"","meta":{"_acf_changed":false,"footnotes":""},"class_list":["post-40427","page","type-page","status-publish","hentry"],"acf":[],"_links":{"self":[{"href":"https:\/\/andaluzapartments.com\/es\/wp-json\/wp\/v2\/pages\/40427","targetHints":{"allow":["GET"]}}],"collection":[{"href":"https:\/\/andaluzapartments.com\/es\/wp-json\/wp\/v2\/pages"}],"about":[{"href":"https:\/\/andaluzapartments.com\/es\/wp-json\/wp\/v2\/types\/page"}],"author":[{"embeddable":true,"href":"https:\/\/andaluzapartments.com\/es\/wp-json\/wp\/v2\/users\/2"}],"replies":[{"embeddable":true,"href":"https:\/\/andaluzapartments.com\/es\/wp-json\/wp\/v2\/comments?post=40427"}],"version-history":[{"count":1,"href":"https:\/\/andaluzapartments.com\/es\/wp-json\/wp\/v2\/pages\/40427\/revisions"}],"predecessor-version":[{"id":40428,"href":"https:\/\/andaluzapartments.com\/es\/wp-json\/wp\/v2\/pages\/40427\/revisions\/40428"}],"wp:attachment":[{"href":"https:\/\/andaluzapartments.com\/es\/wp-json\/wp\/v2\/media?parent=40427"}],"curies":[{"name":"wp","href":"https:\/\/api.w.org\/{rel}","templated":true}]}}