{"id":40425,"date":"2023-04-04T12:35:08","date_gmt":"2023-04-04T10:35:08","guid":{"rendered":"https:\/\/andaluzapartments.com\/ultimos-minutos\/"},"modified":"2023-04-04T12:35:09","modified_gmt":"2023-04-04T10:35:09","slug":"ultimos-minutos","status":"publish","type":"page","link":"https:\/\/andaluzapartments.com\/es\/ultimos-minutos\/","title":{"rendered":"\u00daltimos minutos"},"content":{"rendered":"\t\t<div data-elementor-type=\"wp-page\" data-elementor-id=\"40425\" class=\"elementor elementor-40425 elementor-37460\" data-elementor-post-type=\"page\">\n\t\t\t\t\t\t<section class=\"elementor-section elementor-top-section elementor-element elementor-element-7aafb76 elementor-section-height-min-height elementor-section-stretched elementor-section-boxed elementor-section-height-default elementor-section-items-middle\" data-id=\"7aafb76\" data-element_type=\"section\" data-e-type=\"section\" data-settings=\"{&quot;background_background&quot;:&quot;classic&quot;,&quot;stretch_section&quot;:&quot;section-stretched&quot;,&quot;jet_parallax_layout_list&quot;:[]}\">\n\t\t\t\t\t\t<div class=\"elementor-container elementor-column-gap-wider\">\n\t\t\t\t\t<div class=\"elementor-column elementor-col-100 elementor-top-column elementor-element elementor-element-b7923f1\" data-id=\"b7923f1\" data-element_type=\"column\" data-e-type=\"column\">\n\t\t\t<div class=\"elementor-widget-wrap elementor-element-populated\">\n\t\t\t\t\t\t<div class=\"elementor-element elementor-element-3a47ebe elementor-widget elementor-widget-heading\" data-id=\"3a47ebe\" data-element_type=\"widget\" data-e-type=\"widget\" data-widget_type=\"heading.default\">\n\t\t\t\t<div class=\"elementor-widget-container\">\n\t\t\t\t\t<h1 class=\"elementor-heading-title elementor-size-default\">\u00daltimos minutos<\/h1>\t\t\t\t<\/div>\n\t\t\t\t<\/div>\n\t\t\t\t<div class=\"elementor-element elementor-element-f0c4e0f elementor-widget elementor-widget-text-editor\" data-id=\"f0c4e0f\" data-element_type=\"widget\" data-e-type=\"widget\" data-widget_type=\"text-editor.default\">\n\t\t\t\t<div class=\"elementor-widget-container\">\n\t\t\t\t\t\t\t\t\t<div class=\"page-header align-left\">\n<div class=\"container\">\n<div class=\"sixteen columns\">\n<p><b><i>Lo sentimos, por el momento no hay ofertas de \u00faltima hora<\/i><\/b><\/p>\n<p>Todos los <strong>MDN<\/strong> disponen de amplias terrazas (2 tumbonas y juego de jard\u00edn) con espectaculares vistas al mar, aire acondicionado, buena conexi\u00f3n Wifi, televisi\u00f3n internacional y un aparcamiento cubierto. La distancia a la popular Burriana Playa y al centro de la ciudad es de s\u00f3lo 1,5 km. Un supermercado local para comprar su pan fresco diario est\u00e1 a s\u00f3lo 250 metros de distancia. Se recomienda llevar coche.<\/p>\n<p>Nuestros <strong>TOR<\/strong> est\u00e1n situados en el centro de Nerja, en la popular zona de Torrecilla. Todos los servicios como bares de tapas, restaurantes, tiendas y el supermercado est\u00e1n a poca distancia. Torrecilla Playa est\u00e1 a s\u00f3lo 75-250 metros de distancia (depende del apartamento). No se necesita coche.<\/p>\n<p><strong>Condiciones:<\/strong><br \/>&#8211; su estancia debe ser en<br \/>&#8211; el descuento s\u00f3lo es v\u00e1lido sobre el precio de alquiler del alojamiento<br \/>&#8211; s\u00f3lo se puede reservar a trav\u00e9s de nuestro <a href=\"https:\/\/andaluzapartments.com\/booking\/\">\u00abBuscar y reservar\u00bb<\/a><br \/>&#8211; el pago total de la reserva deber\u00e1 abonarse en un plazo de 7 d\u00edas a partir de la fecha indicada en la confirmaci\u00f3n de la reserva<br \/>&#8211; La edad m\u00ednima del jefe de reservas es de 30 a\u00f1os.<\/p>\n<\/div>\n<\/div>\n<\/div>\n<section id=\"content\" class=\"no_sidebar\">\n<div class=\"container\">\n<div class=\"vc_row wpb_row vc_row-fluid\">\n<div class=\"wpb_column vc_column_container vc_col-sm-12\">\n<div class=\"vc_column-inner\">\n<div class=\"wpb_wrapper\">\n<div class=\"wpb_text_column wpb_content_element \">\n<div class=\"wpb_wrapper\"> <\/div>\n<\/div>\n<\/div>\n<\/div>\n<\/div>\n<\/div>\n<\/div>\n<\/section>\n\t\t\t\t\t\t\t\t<\/div>\n\t\t\t\t<\/div>\n\t\t\t\t\t<\/div>\n\t\t<\/div>\n\t\t\t\t\t<\/div>\n\t\t<\/section>\n\t\t\t\t<\/div>\n\t\t","protected":false},"excerpt":{"rendered":"<p>\u00daltimos minutos Lo sentimos, por el momento no hay ofertas de \u00faltima hora Todos los MDN disponen de amplias terrazas (2 tumbonas y juego de jard\u00edn) con espectaculares vistas al mar, aire acondicionado, buena conexi\u00f3n Wifi, televisi\u00f3n internacional y un aparcamiento cubierto. La distancia a la popular Burriana Playa y al centro de la ciudad [&hellip;]<\/p>\n","protected":false},"author":2,"featured_media":0,"parent":0,"menu_order":0,"comment_status":"closed","ping_status":"closed","template":"","meta":{"_acf_changed":false,"footnotes":""},"class_list":["post-40425","page","type-page","status-publish","hentry"],"acf":[],"_links":{"self":[{"href":"https:\/\/andaluzapartments.com\/es\/wp-json\/wp\/v2\/pages\/40425","targetHints":{"allow":["GET"]}}],"collection":[{"href":"https:\/\/andaluzapartments.com\/es\/wp-json\/wp\/v2\/pages"}],"about":[{"href":"https:\/\/andaluzapartments.com\/es\/wp-json\/wp\/v2\/types\/page"}],"author":[{"embeddable":true,"href":"https:\/\/andaluzapartments.com\/es\/wp-json\/wp\/v2\/users\/2"}],"replies":[{"embeddable":true,"href":"https:\/\/andaluzapartments.com\/es\/wp-json\/wp\/v2\/comments?post=40425"}],"version-history":[{"count":1,"href":"https:\/\/andaluzapartments.com\/es\/wp-json\/wp\/v2\/pages\/40425\/revisions"}],"predecessor-version":[{"id":40426,"href":"https:\/\/andaluzapartments.com\/es\/wp-json\/wp\/v2\/pages\/40425\/revisions\/40426"}],"wp:attachment":[{"href":"https:\/\/andaluzapartments.com\/es\/wp-json\/wp\/v2\/media?parent=40425"}],"curies":[{"name":"wp","href":"https:\/\/api.w.org\/{rel}","templated":true}]}}