{"id":40415,"date":"2023-04-04T12:25:12","date_gmt":"2023-04-04T10:25:12","guid":{"rendered":"https:\/\/andaluzapartments.com\/servicios-adicionales\/"},"modified":"2026-02-01T17:50:51","modified_gmt":"2026-02-01T15:50:51","slug":"servicios-adicionales","status":"publish","type":"page","link":"https:\/\/andaluzapartments.com\/es\/servicios-adicionales\/","title":{"rendered":"Servicios adicionales"},"content":{"rendered":"\t\t<div data-elementor-type=\"wp-page\" data-elementor-id=\"40415\" class=\"elementor elementor-40415 elementor-6028\" data-elementor-post-type=\"page\">\n\t\t\t\t\t\t<section class=\"elementor-section elementor-top-section elementor-element elementor-element-469db7b elementor-section-height-min-height elementor-section-stretched elementor-section-boxed elementor-section-height-default elementor-section-items-middle\" data-id=\"469db7b\" data-element_type=\"section\" data-e-type=\"section\" data-settings=\"{&quot;background_background&quot;:&quot;classic&quot;,&quot;stretch_section&quot;:&quot;section-stretched&quot;,&quot;jet_parallax_layout_list&quot;:[]}\">\n\t\t\t\t\t\t<div class=\"elementor-container elementor-column-gap-wider\">\n\t\t\t\t\t<div class=\"elementor-column elementor-col-50 elementor-top-column elementor-element elementor-element-2ab172d\" data-id=\"2ab172d\" data-element_type=\"column\" data-e-type=\"column\">\n\t\t\t<div class=\"elementor-widget-wrap elementor-element-populated\">\n\t\t\t\t\t\t<div class=\"elementor-element elementor-element-5540a67 elementor-widget elementor-widget-heading\" data-id=\"5540a67\" data-element_type=\"widget\" data-e-type=\"widget\" data-widget_type=\"heading.default\">\n\t\t\t\t<div class=\"elementor-widget-container\">\n\t\t\t\t\t<h1 class=\"elementor-heading-title elementor-size-default\">Servicios adicionales<\/h1>\t\t\t\t<\/div>\n\t\t\t\t<\/div>\n\t\t\t\t<div class=\"elementor-element elementor-element-4297607 elementor-widget elementor-widget-text-editor\" data-id=\"4297607\" data-element_type=\"widget\" data-e-type=\"widget\" data-widget_type=\"text-editor.default\">\n\t\t\t\t<div class=\"elementor-widget-container\">\n\t\t\t\t\t\t\t\t\t<p>Como hu\u00e9sped nuestro, nos gustar\u00eda satisfacer todas sus necesidades. Por ello, le ofrecemos los siguientes servicios adicionales. Si desea hacer uso de nuestros servicios adicionales, menci\u00f3nelos en el apartado \u00abrequisitos\u00bb del formulario de reserva.<\/p>\n\t\t\t\t\t\t\t\t<\/div>\n\t\t\t\t<\/div>\n\t\t\t\t\t<\/div>\n\t\t<\/div>\n\t\t\t\t<div class=\"elementor-column elementor-col-50 elementor-top-column elementor-element elementor-element-9dec031\" data-id=\"9dec031\" data-element_type=\"column\" data-e-type=\"column\">\n\t\t\t<div class=\"elementor-widget-wrap elementor-element-populated\">\n\t\t\t\t\t\t<div class=\"elementor-element elementor-element-f197745 elementor-widget elementor-widget-image\" data-id=\"f197745\" data-element_type=\"widget\" data-e-type=\"widget\" data-widget_type=\"image.default\">\n\t\t\t\t<div class=\"elementor-widget-container\">\n\t\t\t\t\t\t\t\t\t\t\t\t\t\t\t<img fetchpriority=\"high\" decoding=\"async\" width=\"800\" height=\"534\" src=\"https:\/\/andaluzapartments.com\/wp-content\/uploads\/2022\/09\/nature-andaluz-apartments-1024x683.jpg\" class=\"attachment-large size-large wp-image-39803\" alt=\"\" srcset=\"https:\/\/andaluzapartments.com\/wp-content\/uploads\/2022\/09\/nature-andaluz-apartments-1024x683.jpg 1024w, https:\/\/andaluzapartments.com\/wp-content\/uploads\/2022\/09\/nature-andaluz-apartments-300x200.jpg 300w, https:\/\/andaluzapartments.com\/wp-content\/uploads\/2022\/09\/nature-andaluz-apartments-768x512.jpg 768w, https:\/\/andaluzapartments.com\/wp-content\/uploads\/2022\/09\/nature-andaluz-apartments-1536x1024.jpg 1536w, https:\/\/andaluzapartments.com\/wp-content\/uploads\/2022\/09\/nature-andaluz-apartments.jpg 1920w\" sizes=\"(max-width: 800px) 100vw, 800px\" title=\"\">\t\t\t\t\t\t\t\t\t\t\t\t\t\t\t<\/div>\n\t\t\t\t<\/div>\n\t\t\t\t\t<\/div>\n\t\t<\/div>\n\t\t\t\t\t<\/div>\n\t\t<\/section>\n\t\t\t\t<section class=\"elementor-section elementor-top-section elementor-element elementor-element-a78e4b9 elementor-section-boxed elementor-section-height-default elementor-section-height-default\" data-id=\"a78e4b9\" data-element_type=\"section\" data-e-type=\"section\" data-settings=\"{&quot;jet_parallax_layout_list&quot;:[]}\">\n\t\t\t\t\t\t<div class=\"elementor-container elementor-column-gap-default\">\n\t\t\t\t\t<div class=\"elementor-column elementor-col-100 elementor-top-column elementor-element elementor-element-48a5943\" data-id=\"48a5943\" data-element_type=\"column\" data-e-type=\"column\">\n\t\t\t<div class=\"elementor-widget-wrap elementor-element-populated\">\n\t\t\t\t\t\t<div class=\"elementor-element elementor-element-e57a73c elementor-widget elementor-widget-heading\" data-id=\"e57a73c\" data-element_type=\"widget\" data-e-type=\"widget\" data-widget_type=\"heading.default\">\n\t\t\t\t<div class=\"elementor-widget-container\">\n\t\t\t\t\t<h2 class=\"elementor-heading-title elementor-size-default\">Servicio de taxi:<\/h2>\t\t\t\t<\/div>\n\t\t\t\t<\/div>\n\t\t\t\t<div class=\"elementor-element elementor-element-eb98b37 elementor-widget elementor-widget-text-editor\" data-id=\"eb98b37\" data-element_type=\"widget\" data-e-type=\"widget\" data-widget_type=\"text-editor.default\">\n\t\t\t\t<div class=\"elementor-widget-container\">\n\t\t\t\t\t\t\t\t\t<p>Si no dispone de coche, podemos organizarle el transporte de ida y vuelta al aeropuerto de M\u00e1laga. El precio es de 85 euros por trayecto (taxi est\u00e1ndar, m\u00e1x. 4 personas y 4 maletas). Minib\u00fas: 125 euros por trayecto.<\/p>\t\t\t\t\t\t\t\t<\/div>\n\t\t\t\t<\/div>\n\t\t\t\t<div class=\"elementor-element elementor-element-21d2981 elementor-widget elementor-widget-heading\" data-id=\"21d2981\" data-element_type=\"widget\" data-e-type=\"widget\" data-widget_type=\"heading.default\">\n\t\t\t\t<div class=\"elementor-widget-container\">\n\t\t\t\t\t<h2 class=\"elementor-heading-title elementor-size-default\">Limpieza intermedia:<\/h2>\t\t\t\t<\/div>\n\t\t\t\t<\/div>\n\t\t\t\t<div class=\"elementor-element elementor-element-e4b9ec9 elementor-widget elementor-widget-text-editor\" data-id=\"e4b9ec9\" data-element_type=\"widget\" data-e-type=\"widget\" data-widget_type=\"text-editor.default\">\n\t\t\t\t<div class=\"elementor-widget-container\">\n\t\t\t\t\t\t\t\t\t<p>Es posible realizar una limpieza intermedia durante cada estancia, independientemente de la duraci\u00f3n de la misma. En una limpieza intermedia tambi\u00e9n se cambiar\u00e1 la ropa de cocina, cama y ba\u00f1o. El coste de una limpieza intermedia es de 80 euros y se realizar\u00e1 a una hora conveniente.<\/p>\t\t\t\t\t\t\t\t<\/div>\n\t\t\t\t<\/div>\n\t\t\t\t\t<\/div>\n\t\t<\/div>\n\t\t\t\t\t<\/div>\n\t\t<\/section>\n\t\t\t\t<\/div>\n\t\t","protected":false},"excerpt":{"rendered":"<p>Servicios adicionales Como hu\u00e9sped nuestro, nos gustar\u00eda satisfacer todas sus necesidades. Por ello, le ofrecemos los siguientes servicios adicionales. Si desea hacer uso de nuestros servicios adicionales, menci\u00f3nelos en el apartado \u00abrequisitos\u00bb del formulario de reserva. Servicio de taxi: Si no dispone de coche, podemos organizarle el transporte de ida y vuelta al aeropuerto de [&hellip;]<\/p>\n","protected":false},"author":2,"featured_media":0,"parent":0,"menu_order":0,"comment_status":"closed","ping_status":"closed","template":"","meta":{"_acf_changed":false,"footnotes":""},"class_list":["post-40415","page","type-page","status-publish","hentry"],"acf":[],"_links":{"self":[{"href":"https:\/\/andaluzapartments.com\/es\/wp-json\/wp\/v2\/pages\/40415","targetHints":{"allow":["GET"]}}],"collection":[{"href":"https:\/\/andaluzapartments.com\/es\/wp-json\/wp\/v2\/pages"}],"about":[{"href":"https:\/\/andaluzapartments.com\/es\/wp-json\/wp\/v2\/types\/page"}],"author":[{"embeddable":true,"href":"https:\/\/andaluzapartments.com\/es\/wp-json\/wp\/v2\/users\/2"}],"replies":[{"embeddable":true,"href":"https:\/\/andaluzapartments.com\/es\/wp-json\/wp\/v2\/comments?post=40415"}],"version-history":[{"count":9,"href":"https:\/\/andaluzapartments.com\/es\/wp-json\/wp\/v2\/pages\/40415\/revisions"}],"predecessor-version":[{"id":43509,"href":"https:\/\/andaluzapartments.com\/es\/wp-json\/wp\/v2\/pages\/40415\/revisions\/43509"}],"wp:attachment":[{"href":"https:\/\/andaluzapartments.com\/es\/wp-json\/wp\/v2\/media?parent=40415"}],"curies":[{"name":"wp","href":"https:\/\/api.w.org\/{rel}","templated":true}]}}