{"id":40413,"date":"2023-04-04T12:22:02","date_gmt":"2023-04-04T10:22:02","guid":{"rendered":"https:\/\/andaluzapartments.com\/disfruta-de-nerja\/"},"modified":"2023-04-04T12:22:03","modified_gmt":"2023-04-04T10:22:03","slug":"disfruta-de-nerja","status":"publish","type":"page","link":"https:\/\/andaluzapartments.com\/es\/disfruta-de-nerja\/","title":{"rendered":"Disfruta de Nerja"},"content":{"rendered":"\t\t<div data-elementor-type=\"wp-page\" data-elementor-id=\"40413\" class=\"elementor elementor-40413 elementor-28240\" data-elementor-post-type=\"page\">\n\t\t\t\t\t\t<section class=\"elementor-section elementor-top-section elementor-element elementor-element-f776cfa elementor-section-height-min-height elementor-section-stretched elementor-section-boxed elementor-section-height-default elementor-section-items-middle\" data-id=\"f776cfa\" data-element_type=\"section\" data-e-type=\"section\" data-settings=\"{&quot;background_background&quot;:&quot;classic&quot;,&quot;stretch_section&quot;:&quot;section-stretched&quot;,&quot;jet_parallax_layout_list&quot;:[]}\">\n\t\t\t\t\t\t<div class=\"elementor-container elementor-column-gap-wider\">\n\t\t\t\t\t<div class=\"elementor-column elementor-col-50 elementor-top-column elementor-element elementor-element-b6374d4\" data-id=\"b6374d4\" data-element_type=\"column\" data-e-type=\"column\">\n\t\t\t<div class=\"elementor-widget-wrap elementor-element-populated\">\n\t\t\t\t\t\t<div class=\"elementor-element elementor-element-1e8392b elementor-widget elementor-widget-heading\" data-id=\"1e8392b\" data-element_type=\"widget\" data-e-type=\"widget\" data-widget_type=\"heading.default\">\n\t\t\t\t<div class=\"elementor-widget-container\">\n\t\t\t\t\t<h1 class=\"elementor-heading-title elementor-size-default\">Disfruta de Nerja<\/h1>\t\t\t\t<\/div>\n\t\t\t\t<\/div>\n\t\t\t\t<div class=\"elementor-element elementor-element-e0f3349 elementor-widget elementor-widget-text-editor\" data-id=\"e0f3349\" data-element_type=\"widget\" data-e-type=\"widget\" data-widget_type=\"text-editor.default\">\n\t\t\t\t<div class=\"elementor-widget-container\">\n\t\t\t\t\t\t\t\t\t<p>Nerja es una acogedora y agradable localidad situada en la comarca de la Axarqu\u00eda, al este de M\u00e1laga capital, y es conocida por sus cuevas y el Balc\u00f3n de Europa.<\/p>\n<div id=\"text\">La comarca de la Axarqu\u00eda es conocida por su microclima. Las monta\u00f1as circundantes protegen la regi\u00f3n del fr\u00edo y el calor. Con una media de 320 d\u00edas de sol al a\u00f1o, la Axarqu\u00eda es la regi\u00f3n preferida para ir de vacaciones. Incluso en invierno, que es extremadamente suave (unos 18 grados), es maravilloso pasar unas vacaciones en la Costa del Sol. La ciudad m\u00e1s oriental de la Costa del Sol es un popular destino de vacaciones para j\u00f3venes y mayores. Por su especial ubicaci\u00f3n en una meseta rocosa, las diversas playas y las t\u00edpicas callejuelas espa\u00f1olas con sus numerosos restaurantes, bares de tapas, tiendas y helader\u00edas. Muchos hu\u00e9spedes regresan a los encantos de esta pintoresca ciudad.<\/div>\n<div>\n<div id=\"afb\"><center><\/center><\/div>\n<div class=\"clear\"> <\/div>\n<p>Como la ciudad se ha desarrollado m\u00e1s tarde que la costa occidental de M\u00e1laga, hay muy pocos edificios altos. Muchos hu\u00e9spedes vienen a Nerja por su cuenta. Durante todo el a\u00f1o encontrar\u00e1 gente, amantes de los deportes acu\u00e1ticos y de la playa en verano y de largas estancias de todo tipo en invierno. Tanto si busca sol, mar, playa, naturaleza o cultura, las m\u00faltiples posibilidades que ofrece Nerja y sus alrededores la convierten en un destino de vacaciones ideal para toda la familia durante todo el a\u00f1o.<\/p>\n<div id=\"text\">\n<p>En Nerja y alrededores:<\/p>\n<\/div>\n<\/div>\n\t\t\t\t\t\t\t\t<\/div>\n\t\t\t\t<\/div>\n\t\t\t\t\t<\/div>\n\t\t<\/div>\n\t\t\t\t<div class=\"elementor-column elementor-col-50 elementor-top-column elementor-element elementor-element-5063e51\" data-id=\"5063e51\" data-element_type=\"column\" data-e-type=\"column\">\n\t\t\t<div class=\"elementor-widget-wrap elementor-element-populated\">\n\t\t\t\t\t\t<div class=\"elementor-element elementor-element-34652ab elementor-widget elementor-widget-image\" data-id=\"34652ab\" data-element_type=\"widget\" data-e-type=\"widget\" data-widget_type=\"image.default\">\n\t\t\t\t<div class=\"elementor-widget-container\">\n\t\t\t\t\t\t\t\t\t\t\t\t\t\t\t<img fetchpriority=\"high\" decoding=\"async\" width=\"280\" height=\"208\" src=\"https:\/\/andaluzapartments.com\/wp-content\/uploads\/2022\/10\/img546ce500d0d2c.jpeg\" class=\"attachment-large size-large wp-image-27302\" alt=\"\" title=\"\">\t\t\t\t\t\t\t\t\t\t\t\t\t\t\t<\/div>\n\t\t\t\t<\/div>\n\t\t\t\t\t<\/div>\n\t\t<\/div>\n\t\t\t\t\t<\/div>\n\t\t<\/section>\n\t\t\t\t<section class=\"elementor-section elementor-top-section elementor-element elementor-element-0194d2f elementor-section-boxed elementor-section-height-default elementor-section-height-default\" data-id=\"0194d2f\" data-element_type=\"section\" data-e-type=\"section\" data-settings=\"{&quot;jet_parallax_layout_list&quot;:[]}\">\n\t\t\t\t\t\t<div class=\"elementor-container elementor-column-gap-default\">\n\t\t\t\t\t<div class=\"elementor-column elementor-col-100 elementor-top-column elementor-element elementor-element-3839d03\" data-id=\"3839d03\" data-element_type=\"column\" data-e-type=\"column\">\n\t\t\t<div class=\"elementor-widget-wrap elementor-element-populated\">\n\t\t\t\t\t\t<div class=\"elementor-element elementor-element-69275c1 elementor-widget elementor-widget-jet-posts\" data-id=\"69275c1\" data-element_type=\"widget\" data-e-type=\"widget\" data-settings=\"{&quot;columns&quot;:&quot;3&quot;,&quot;columns_tablet&quot;:&quot;2&quot;,&quot;columns_mobile&quot;:&quot;1&quot;,&quot;slides_to_scroll&quot;:&quot;1&quot;}\" data-widget_type=\"jet-posts.default\">\n\t\t\t\t<div class=\"elementor-widget-container\">\n\t\t\t\t\t<div class=\"elementor-jet-posts jet-elements\"><div class=\"jet-posts col-row  jet-equal-cols\"><\/div>\n<\/div>\t\t\t\t<\/div>\n\t\t\t\t<\/div>\n\t\t\t\t\t<\/div>\n\t\t<\/div>\n\t\t\t\t\t<\/div>\n\t\t<\/section>\n\t\t\t\t<\/div>\n\t\t","protected":false},"excerpt":{"rendered":"<p>Disfruta de Nerja Nerja es una acogedora y agradable localidad situada en la comarca de la Axarqu\u00eda, al este de M\u00e1laga capital, y es conocida por sus cuevas y el Balc\u00f3n de Europa. La comarca de la Axarqu\u00eda es conocida por su microclima. Las monta\u00f1as circundantes protegen la regi\u00f3n del fr\u00edo y el calor. Con [&hellip;]<\/p>\n","protected":false},"author":2,"featured_media":0,"parent":0,"menu_order":0,"comment_status":"closed","ping_status":"closed","template":"","meta":{"_acf_changed":false,"footnotes":""},"class_list":["post-40413","page","type-page","status-publish","hentry"],"acf":[],"_links":{"self":[{"href":"https:\/\/andaluzapartments.com\/es\/wp-json\/wp\/v2\/pages\/40413","targetHints":{"allow":["GET"]}}],"collection":[{"href":"https:\/\/andaluzapartments.com\/es\/wp-json\/wp\/v2\/pages"}],"about":[{"href":"https:\/\/andaluzapartments.com\/es\/wp-json\/wp\/v2\/types\/page"}],"author":[{"embeddable":true,"href":"https:\/\/andaluzapartments.com\/es\/wp-json\/wp\/v2\/users\/2"}],"replies":[{"embeddable":true,"href":"https:\/\/andaluzapartments.com\/es\/wp-json\/wp\/v2\/comments?post=40413"}],"version-history":[{"count":1,"href":"https:\/\/andaluzapartments.com\/es\/wp-json\/wp\/v2\/pages\/40413\/revisions"}],"predecessor-version":[{"id":40414,"href":"https:\/\/andaluzapartments.com\/es\/wp-json\/wp\/v2\/pages\/40413\/revisions\/40414"}],"wp:attachment":[{"href":"https:\/\/andaluzapartments.com\/es\/wp-json\/wp\/v2\/media?parent=40413"}],"curies":[{"name":"wp","href":"https:\/\/api.w.org\/{rel}","templated":true}]}}