{"id":40411,"date":"2023-04-04T12:19:14","date_gmt":"2023-04-04T10:19:14","guid":{"rendered":"https:\/\/andaluzapartments.com\/cultura-a-raudales\/"},"modified":"2023-04-04T12:19:15","modified_gmt":"2023-04-04T10:19:15","slug":"cultura-a-raudales","status":"publish","type":"page","link":"https:\/\/andaluzapartments.com\/es\/cultura-a-raudales\/","title":{"rendered":"Cultura a raudales"},"content":{"rendered":"\t\t<div data-elementor-type=\"wp-page\" data-elementor-id=\"40411\" class=\"elementor elementor-40411 elementor-28574\" data-elementor-post-type=\"page\">\n\t\t\t\t\t\t<section class=\"elementor-section elementor-top-section elementor-element elementor-element-5a65149 elementor-section-height-min-height elementor-section-stretched elementor-section-boxed elementor-section-height-default elementor-section-items-middle\" data-id=\"5a65149\" data-element_type=\"section\" data-e-type=\"section\" data-settings=\"{&quot;background_background&quot;:&quot;classic&quot;,&quot;stretch_section&quot;:&quot;section-stretched&quot;,&quot;jet_parallax_layout_list&quot;:[]}\">\n\t\t\t\t\t\t<div class=\"elementor-container elementor-column-gap-wider\">\n\t\t\t\t\t<div class=\"elementor-column elementor-col-50 elementor-top-column elementor-element elementor-element-96cbe6a\" data-id=\"96cbe6a\" data-element_type=\"column\" data-e-type=\"column\">\n\t\t\t<div class=\"elementor-widget-wrap elementor-element-populated\">\n\t\t\t\t\t\t<div class=\"elementor-element elementor-element-9448a8b elementor-widget elementor-widget-heading\" data-id=\"9448a8b\" data-element_type=\"widget\" data-e-type=\"widget\" data-widget_type=\"heading.default\">\n\t\t\t\t<div class=\"elementor-widget-container\">\n\t\t\t\t\t<h1 class=\"elementor-heading-title elementor-size-default\">Cultura a raudales<\/h1>\t\t\t\t<\/div>\n\t\t\t\t<\/div>\n\t\t\t\t<div class=\"elementor-element elementor-element-fbbfa7f elementor-widget elementor-widget-text-editor\" data-id=\"fbbfa7f\" data-element_type=\"widget\" data-e-type=\"widget\" data-widget_type=\"text-editor.default\">\n\t\t\t\t<div class=\"elementor-widget-container\">\n\t\t\t\t\t\t\t\t\t<p>Los siguientes viajes s\u00f3lo dan una peque\u00f1a impresi\u00f3n de lo que se puede disfrutar en Andaluc\u00eda. Por supuesto, el n\u00famero de atracciones y cosas que hacer es mucho mayor de lo que se puede mencionar en nuestra p\u00e1gina web. Las actividades que se mencionan a continuaci\u00f3n se encuentran a una distancia razonablemente corta y son ideales para una excursi\u00f3n de un d\u00eda.<\/p>\n\t\t\t\t\t\t\t\t<\/div>\n\t\t\t\t<\/div>\n\t\t\t\t\t<\/div>\n\t\t<\/div>\n\t\t\t\t<div class=\"elementor-column elementor-col-50 elementor-top-column elementor-element elementor-element-b4f779b\" data-id=\"b4f779b\" data-element_type=\"column\" data-e-type=\"column\">\n\t\t\t<div class=\"elementor-widget-wrap elementor-element-populated\">\n\t\t\t\t\t\t<div class=\"elementor-element elementor-element-4f9d4c0 elementor-widget elementor-widget-image\" data-id=\"4f9d4c0\" data-element_type=\"widget\" data-e-type=\"widget\" data-widget_type=\"image.default\">\n\t\t\t\t<div class=\"elementor-widget-container\">\n\t\t\t\t\t\t\t\t\t\t\t\t\t\t\t<img fetchpriority=\"high\" decoding=\"async\" width=\"800\" height=\"600\" src=\"https:\/\/andaluzapartments.com\/wp-content\/uploads\/2022\/11\/culture-andaluz-apartments-1024x768-1.jpg\" class=\"attachment-large size-large wp-image-40233\" alt=\"\" srcset=\"https:\/\/andaluzapartments.com\/wp-content\/uploads\/2022\/11\/culture-andaluz-apartments-1024x768-1.jpg 1024w, https:\/\/andaluzapartments.com\/wp-content\/uploads\/2022\/11\/culture-andaluz-apartments-1024x768-1-300x225.jpg 300w, https:\/\/andaluzapartments.com\/wp-content\/uploads\/2022\/11\/culture-andaluz-apartments-1024x768-1-768x576.jpg 768w\" sizes=\"(max-width: 800px) 100vw, 800px\" title=\"\">\t\t\t\t\t\t\t\t\t\t\t\t\t\t\t<\/div>\n\t\t\t\t<\/div>\n\t\t\t\t\t<\/div>\n\t\t<\/div>\n\t\t\t\t\t<\/div>\n\t\t<\/section>\n\t\t\t\t<section class=\"elementor-section elementor-top-section elementor-element elementor-element-85e0835 elementor-section-boxed elementor-section-height-default elementor-section-height-default\" data-id=\"85e0835\" data-element_type=\"section\" data-e-type=\"section\" data-settings=\"{&quot;jet_parallax_layout_list&quot;:[]}\">\n\t\t\t\t\t\t<div class=\"elementor-container elementor-column-gap-default\">\n\t\t\t\t\t<div class=\"elementor-column elementor-col-100 elementor-top-column elementor-element elementor-element-249e938\" data-id=\"249e938\" data-element_type=\"column\" data-e-type=\"column\">\n\t\t\t<div class=\"elementor-widget-wrap elementor-element-populated\">\n\t\t\t\t\t\t<div class=\"elementor-element elementor-element-ebc8b09 elementor-widget elementor-widget-jet-posts\" data-id=\"ebc8b09\" data-element_type=\"widget\" data-e-type=\"widget\" data-settings=\"{&quot;columns&quot;:&quot;3&quot;,&quot;columns_tablet&quot;:&quot;2&quot;,&quot;columns_mobile&quot;:&quot;1&quot;,&quot;slides_to_scroll&quot;:&quot;1&quot;}\" data-widget_type=\"jet-posts.default\">\n\t\t\t\t<div class=\"elementor-widget-container\">\n\t\t\t\t\t<div class=\"elementor-jet-posts jet-elements\"><div class=\"jet-posts col-row  jet-equal-cols\"><\/div>\n<\/div>\t\t\t\t<\/div>\n\t\t\t\t<\/div>\n\t\t\t\t\t<\/div>\n\t\t<\/div>\n\t\t\t\t\t<\/div>\n\t\t<\/section>\n\t\t\t\t<\/div>\n\t\t","protected":false},"excerpt":{"rendered":"<p>Cultura a raudales Los siguientes viajes s\u00f3lo dan una peque\u00f1a impresi\u00f3n de lo que se puede disfrutar en Andaluc\u00eda. Por supuesto, el n\u00famero de atracciones y cosas que hacer es mucho mayor de lo que se puede mencionar en nuestra p\u00e1gina web. Las actividades que se mencionan a continuaci\u00f3n se encuentran a una distancia razonablemente [&hellip;]<\/p>\n","protected":false},"author":2,"featured_media":0,"parent":0,"menu_order":0,"comment_status":"closed","ping_status":"closed","template":"","meta":{"_acf_changed":false,"footnotes":""},"class_list":["post-40411","page","type-page","status-publish","hentry"],"acf":[],"_links":{"self":[{"href":"https:\/\/andaluzapartments.com\/es\/wp-json\/wp\/v2\/pages\/40411","targetHints":{"allow":["GET"]}}],"collection":[{"href":"https:\/\/andaluzapartments.com\/es\/wp-json\/wp\/v2\/pages"}],"about":[{"href":"https:\/\/andaluzapartments.com\/es\/wp-json\/wp\/v2\/types\/page"}],"author":[{"embeddable":true,"href":"https:\/\/andaluzapartments.com\/es\/wp-json\/wp\/v2\/users\/2"}],"replies":[{"embeddable":true,"href":"https:\/\/andaluzapartments.com\/es\/wp-json\/wp\/v2\/comments?post=40411"}],"version-history":[{"count":1,"href":"https:\/\/andaluzapartments.com\/es\/wp-json\/wp\/v2\/pages\/40411\/revisions"}],"predecessor-version":[{"id":40412,"href":"https:\/\/andaluzapartments.com\/es\/wp-json\/wp\/v2\/pages\/40411\/revisions\/40412"}],"wp:attachment":[{"href":"https:\/\/andaluzapartments.com\/es\/wp-json\/wp\/v2\/media?parent=40411"}],"curies":[{"name":"wp","href":"https:\/\/api.w.org\/{rel}","templated":true}]}}