{"id":40403,"date":"2023-04-04T12:12:00","date_gmt":"2023-04-04T10:12:00","guid":{"rendered":"https:\/\/andaluzapartments.com\/blogs\/"},"modified":"2023-04-04T12:12:02","modified_gmt":"2023-04-04T10:12:02","slug":"blogs","status":"publish","type":"page","link":"https:\/\/andaluzapartments.com\/es\/blogs\/","title":{"rendered":"Blogs"},"content":{"rendered":"\t\t<div data-elementor-type=\"wp-page\" data-elementor-id=\"40403\" class=\"elementor elementor-40403 elementor-27193\" data-elementor-post-type=\"page\">\n\t\t\t\t\t\t<section class=\"elementor-section elementor-top-section elementor-element elementor-element-4c5be46 elementor-section-boxed elementor-section-height-default elementor-section-height-default\" data-id=\"4c5be46\" data-element_type=\"section\" data-e-type=\"section\" data-settings=\"{&quot;jet_parallax_layout_list&quot;:[]}\">\n\t\t\t\t\t\t<div class=\"elementor-container elementor-column-gap-default\">\n\t\t\t\t\t<div class=\"elementor-column elementor-col-100 elementor-top-column elementor-element elementor-element-00a9505\" data-id=\"00a9505\" data-element_type=\"column\" data-e-type=\"column\">\n\t\t\t<div class=\"elementor-widget-wrap elementor-element-populated\">\n\t\t\t\t\t\t<div class=\"elementor-element elementor-element-5dafdba elementor-widget elementor-widget-heading\" data-id=\"5dafdba\" data-element_type=\"widget\" data-e-type=\"widget\" data-widget_type=\"heading.default\">\n\t\t\t\t<div class=\"elementor-widget-container\">\n\t\t\t\t\t<h2 class=\"elementor-heading-title elementor-size-default\">Blogs<\/h2>\t\t\t\t<\/div>\n\t\t\t\t<\/div>\n\t\t\t\t\t<\/div>\n\t\t<\/div>\n\t\t\t\t\t<\/div>\n\t\t<\/section>\n\t\t\t\t<section class=\"elementor-section elementor-top-section elementor-element elementor-element-8b3f2d8 elementor-section-boxed elementor-section-height-default elementor-section-height-default\" data-id=\"8b3f2d8\" data-element_type=\"section\" data-e-type=\"section\" data-settings=\"{&quot;jet_parallax_layout_list&quot;:[]}\">\n\t\t\t\t\t\t<div class=\"elementor-container elementor-column-gap-default\">\n\t\t\t\t\t<div class=\"elementor-column elementor-col-25 elementor-top-column elementor-element elementor-element-316e998\" data-id=\"316e998\" data-element_type=\"column\" data-e-type=\"column\">\n\t\t\t<div class=\"elementor-widget-wrap elementor-element-populated\">\n\t\t\t\t\t\t<div class=\"elementor-element elementor-element-7363719 elementor-widget elementor-widget-image\" data-id=\"7363719\" data-element_type=\"widget\" data-e-type=\"widget\" data-widget_type=\"image.default\">\n\t\t\t\t<div class=\"elementor-widget-container\">\n\t\t\t\t\t\t\t\t\t\t\t\t\t\t\t<img fetchpriority=\"high\" decoding=\"async\" width=\"800\" height=\"600\" src=\"https:\/\/andaluzapartments.com\/wp-content\/uploads\/2022\/09\/beaches-andaluz-apartments-1024x768.jpg\" class=\"attachment-large size-large wp-image-39801\" alt=\"\" srcset=\"https:\/\/andaluzapartments.com\/wp-content\/uploads\/2022\/09\/beaches-andaluz-apartments-1024x768.jpg 1024w, https:\/\/andaluzapartments.com\/wp-content\/uploads\/2022\/09\/beaches-andaluz-apartments-300x225.jpg 300w, https:\/\/andaluzapartments.com\/wp-content\/uploads\/2022\/09\/beaches-andaluz-apartments-768x576.jpg 768w, https:\/\/andaluzapartments.com\/wp-content\/uploads\/2022\/09\/beaches-andaluz-apartments-1536x1152.jpg 1536w, https:\/\/andaluzapartments.com\/wp-content\/uploads\/2022\/09\/beaches-andaluz-apartments.jpg 2048w\" sizes=\"(max-width: 800px) 100vw, 800px\" title=\"\">\t\t\t\t\t\t\t\t\t\t\t\t\t\t\t<\/div>\n\t\t\t\t<\/div>\n\t\t\t\t<div class=\"elementor-element elementor-element-dc1d453 elementor-widget elementor-widget-heading\" data-id=\"dc1d453\" data-element_type=\"widget\" data-e-type=\"widget\" data-widget_type=\"heading.default\">\n\t\t\t\t<div class=\"elementor-widget-container\">\n\t\t\t\t\t<h4 class=\"elementor-heading-title elementor-size-default\">Hermosa naturaleza<\/h4>\t\t\t\t<\/div>\n\t\t\t\t<\/div>\n\t\t\t\t<div class=\"elementor-element elementor-element-e664569 elementor-widget elementor-widget-text-editor\" data-id=\"e664569\" data-element_type=\"widget\" data-e-type=\"widget\" data-widget_type=\"text-editor.default\">\n\t\t\t\t<div class=\"elementor-widget-container\">\n\t\t\t\t\t\t\t\t\t<p>La regi\u00f3n de Nerja y Andaluc\u00eda le ofrece hermosas playas y naturaleza. Todo esto merece sin duda una visita.<\/p>\n\t\t\t\t\t\t\t\t<\/div>\n\t\t\t\t<\/div>\n\t\t\t\t<div class=\"elementor-element elementor-element-482142f elementor-widget elementor-widget-button\" data-id=\"482142f\" data-element_type=\"widget\" data-e-type=\"widget\" data-widget_type=\"button.default\">\n\t\t\t\t<div class=\"elementor-widget-container\">\n\t\t\t\t\t\t\t\t\t<div class=\"elementor-button-wrapper\">\n\t\t\t\t\t<a class=\"elementor-button elementor-button-link elementor-size-sm\" href=\"https:\/\/andaluzapartments.com\/es\/hermosa-naturaleza\/\">\n\t\t\t\t\t\t<span class=\"elementor-button-content-wrapper\">\n\t\t\t\t\t\t<span class=\"elementor-button-icon\">\n\t\t\t\t<i aria-hidden=\"true\" class=\"fas fa-long-arrow-alt-right\"><\/i>\t\t\t<\/span>\n\t\t\t\t\t\t\t\t\t<span class=\"elementor-button-text\">M\u00e1s informaci\u00f3n<\/span>\n\t\t\t\t\t<\/span>\n\t\t\t\t\t<\/a>\n\t\t\t\t<\/div>\n\t\t\t\t\t\t\t\t<\/div>\n\t\t\t\t<\/div>\n\t\t\t\t\t<\/div>\n\t\t<\/div>\n\t\t\t\t<div class=\"elementor-column elementor-col-25 elementor-top-column elementor-element elementor-element-a4b8573\" data-id=\"a4b8573\" data-element_type=\"column\" data-e-type=\"column\">\n\t\t\t<div class=\"elementor-widget-wrap elementor-element-populated\">\n\t\t\t\t\t\t<div class=\"elementor-element elementor-element-4530fc0 elementor-widget elementor-widget-image\" data-id=\"4530fc0\" data-element_type=\"widget\" data-e-type=\"widget\" data-widget_type=\"image.default\">\n\t\t\t\t<div class=\"elementor-widget-container\">\n\t\t\t\t\t\t\t\t\t\t\t\t\t\t\t<img decoding=\"async\" width=\"800\" height=\"600\" src=\"https:\/\/andaluzapartments.com\/wp-content\/uploads\/2022\/09\/nerja-andaluz-apartments-1024x768.jpg\" class=\"attachment-large size-large wp-image-39800\" alt=\"\" srcset=\"https:\/\/andaluzapartments.com\/wp-content\/uploads\/2022\/09\/nerja-andaluz-apartments-1024x768.jpg 1024w, https:\/\/andaluzapartments.com\/wp-content\/uploads\/2022\/09\/nerja-andaluz-apartments-300x225.jpg 300w, https:\/\/andaluzapartments.com\/wp-content\/uploads\/2022\/09\/nerja-andaluz-apartments-768x576.jpg 768w, https:\/\/andaluzapartments.com\/wp-content\/uploads\/2022\/09\/nerja-andaluz-apartments-1536x1152.jpg 1536w, https:\/\/andaluzapartments.com\/wp-content\/uploads\/2022\/09\/nerja-andaluz-apartments.jpg 2048w\" sizes=\"(max-width: 800px) 100vw, 800px\" title=\"\">\t\t\t\t\t\t\t\t\t\t\t\t\t\t\t<\/div>\n\t\t\t\t<\/div>\n\t\t\t\t<div class=\"elementor-element elementor-element-857cb8c elementor-widget elementor-widget-heading\" data-id=\"857cb8c\" data-element_type=\"widget\" data-e-type=\"widget\" data-widget_type=\"heading.default\">\n\t\t\t\t<div class=\"elementor-widget-container\">\n\t\t\t\t\t<h4 class=\"elementor-heading-title elementor-size-default\">Disfruta de Nerja<\/h4>\t\t\t\t<\/div>\n\t\t\t\t<\/div>\n\t\t\t\t<div class=\"elementor-element elementor-element-e70b3c4 elementor-widget elementor-widget-text-editor\" data-id=\"e70b3c4\" data-element_type=\"widget\" data-e-type=\"widget\" data-widget_type=\"text-editor.default\">\n\t\t\t\t<div class=\"elementor-widget-container\">\n\t\t\t\t\t\t\t\t\t<p>Nerja es una acogedora y agradable localidad situada en la comarca de la Axarqu\u00eda, al este de M\u00e1laga capital, y es conocida por sus cuevas y el Balc\u00f3n de Europa.<\/p>\n\t\t\t\t\t\t\t\t<\/div>\n\t\t\t\t<\/div>\n\t\t\t\t<div class=\"elementor-element elementor-element-1a1aa16 elementor-widget elementor-widget-button\" data-id=\"1a1aa16\" data-element_type=\"widget\" data-e-type=\"widget\" data-widget_type=\"button.default\">\n\t\t\t\t<div class=\"elementor-widget-container\">\n\t\t\t\t\t\t\t\t\t<div class=\"elementor-button-wrapper\">\n\t\t\t\t\t<a class=\"elementor-button elementor-button-link elementor-size-sm\" href=\"https:\/\/andaluzapartments.com\/enjoy-nerja\/\">\n\t\t\t\t\t\t<span class=\"elementor-button-content-wrapper\">\n\t\t\t\t\t\t<span class=\"elementor-button-icon\">\n\t\t\t\t<i aria-hidden=\"true\" class=\"fas fa-long-arrow-alt-right\"><\/i>\t\t\t<\/span>\n\t\t\t\t\t\t\t\t\t<span class=\"elementor-button-text\">M\u00e1s informaci\u00f3n<\/span>\n\t\t\t\t\t<\/span>\n\t\t\t\t\t<\/a>\n\t\t\t\t<\/div>\n\t\t\t\t\t\t\t\t<\/div>\n\t\t\t\t<\/div>\n\t\t\t\t\t<\/div>\n\t\t<\/div>\n\t\t\t\t<div class=\"elementor-column elementor-col-25 elementor-top-column elementor-element elementor-element-1b4f48f\" data-id=\"1b4f48f\" data-element_type=\"column\" data-e-type=\"column\">\n\t\t\t<div class=\"elementor-widget-wrap elementor-element-populated\">\n\t\t\t\t\t\t<div class=\"elementor-element elementor-element-c623a07 elementor-widget elementor-widget-image\" data-id=\"c623a07\" data-element_type=\"widget\" data-e-type=\"widget\" data-widget_type=\"image.default\">\n\t\t\t\t<div class=\"elementor-widget-container\">\n\t\t\t\t\t\t\t\t\t\t\t\t\t\t\t<img decoding=\"async\" width=\"800\" height=\"600\" src=\"https:\/\/andaluzapartments.com\/wp-content\/uploads\/2022\/09\/sportive-activities-andaluz-apartments-1024x768.jpg\" class=\"attachment-large size-large wp-image-39802\" alt=\"\" srcset=\"https:\/\/andaluzapartments.com\/wp-content\/uploads\/2022\/09\/sportive-activities-andaluz-apartments-1024x768.jpg 1024w, https:\/\/andaluzapartments.com\/wp-content\/uploads\/2022\/09\/sportive-activities-andaluz-apartments-300x225.jpg 300w, https:\/\/andaluzapartments.com\/wp-content\/uploads\/2022\/09\/sportive-activities-andaluz-apartments-768x576.jpg 768w, https:\/\/andaluzapartments.com\/wp-content\/uploads\/2022\/09\/sportive-activities-andaluz-apartments-1536x1152.jpg 1536w, https:\/\/andaluzapartments.com\/wp-content\/uploads\/2022\/09\/sportive-activities-andaluz-apartments.jpg 2048w\" sizes=\"(max-width: 800px) 100vw, 800px\" title=\"\">\t\t\t\t\t\t\t\t\t\t\t\t\t\t\t<\/div>\n\t\t\t\t<\/div>\n\t\t\t\t<div class=\"elementor-element elementor-element-39c6a5c elementor-widget elementor-widget-heading\" data-id=\"39c6a5c\" data-element_type=\"widget\" data-e-type=\"widget\" data-widget_type=\"heading.default\">\n\t\t\t\t<div class=\"elementor-widget-container\">\n\t\t\t\t\t<h4 class=\"elementor-heading-title elementor-size-default\">Actividades deportivas<\/h4>\t\t\t\t<\/div>\n\t\t\t\t<\/div>\n\t\t\t\t<div class=\"elementor-element elementor-element-3b4b378 elementor-widget elementor-widget-text-editor\" data-id=\"3b4b378\" data-element_type=\"widget\" data-e-type=\"widget\" data-widget_type=\"text-editor.default\">\n\t\t\t\t<div class=\"elementor-widget-container\">\n\t\t\t\t\t\t\t\t\t<p>El maravilloso clima de Andaluc\u00eda hace que esta zona sea apta casi todo el a\u00f1o para la pr\u00e1ctica de diversas actividades deportivas.<\/p>\n\t\t\t\t\t\t\t\t<\/div>\n\t\t\t\t<\/div>\n\t\t\t\t<div class=\"elementor-element elementor-element-ed2ba35 elementor-widget elementor-widget-button\" data-id=\"ed2ba35\" data-element_type=\"widget\" data-e-type=\"widget\" data-widget_type=\"button.default\">\n\t\t\t\t<div class=\"elementor-widget-container\">\n\t\t\t\t\t\t\t\t\t<div class=\"elementor-button-wrapper\">\n\t\t\t\t\t<a class=\"elementor-button elementor-button-link elementor-size-sm\" href=\"https:\/\/andaluzapartments.com\/sportive-activities\/\">\n\t\t\t\t\t\t<span class=\"elementor-button-content-wrapper\">\n\t\t\t\t\t\t<span class=\"elementor-button-icon\">\n\t\t\t\t<i aria-hidden=\"true\" class=\"fas fa-long-arrow-alt-right\"><\/i>\t\t\t<\/span>\n\t\t\t\t\t\t\t\t\t<span class=\"elementor-button-text\">M\u00e1s informaci\u00f3n<\/span>\n\t\t\t\t\t<\/span>\n\t\t\t\t\t<\/a>\n\t\t\t\t<\/div>\n\t\t\t\t\t\t\t\t<\/div>\n\t\t\t\t<\/div>\n\t\t\t\t\t<\/div>\n\t\t<\/div>\n\t\t\t\t<div class=\"elementor-column elementor-col-25 elementor-top-column elementor-element elementor-element-fc7619f\" data-id=\"fc7619f\" data-element_type=\"column\" data-e-type=\"column\">\n\t\t\t<div class=\"elementor-widget-wrap elementor-element-populated\">\n\t\t\t\t\t\t<div class=\"elementor-element elementor-element-8e81fc9 elementor-widget elementor-widget-image\" data-id=\"8e81fc9\" data-element_type=\"widget\" data-e-type=\"widget\" data-widget_type=\"image.default\">\n\t\t\t\t<div class=\"elementor-widget-container\">\n\t\t\t\t\t\t\t\t\t\t\t\t\t\t\t<img loading=\"lazy\" decoding=\"async\" width=\"800\" height=\"600\" src=\"https:\/\/andaluzapartments.com\/wp-content\/uploads\/2022\/09\/culture-andaluz-apartments-1024x768.jpg\" class=\"attachment-large size-large wp-image-39804\" alt=\"\" srcset=\"https:\/\/andaluzapartments.com\/wp-content\/uploads\/2022\/09\/culture-andaluz-apartments-1024x768.jpg 1024w, https:\/\/andaluzapartments.com\/wp-content\/uploads\/2022\/09\/culture-andaluz-apartments-300x225.jpg 300w, https:\/\/andaluzapartments.com\/wp-content\/uploads\/2022\/09\/culture-andaluz-apartments-768x576.jpg 768w, https:\/\/andaluzapartments.com\/wp-content\/uploads\/2022\/09\/culture-andaluz-apartments-1536x1152.jpg 1536w, https:\/\/andaluzapartments.com\/wp-content\/uploads\/2022\/09\/culture-andaluz-apartments.jpg 1920w\" sizes=\"(max-width: 800px) 100vw, 800px\" title=\"\">\t\t\t\t\t\t\t\t\t\t\t\t\t\t\t<\/div>\n\t\t\t\t<\/div>\n\t\t\t\t<div class=\"elementor-element elementor-element-a16495a elementor-widget elementor-widget-heading\" data-id=\"a16495a\" data-element_type=\"widget\" data-e-type=\"widget\" data-widget_type=\"heading.default\">\n\t\t\t\t<div class=\"elementor-widget-container\">\n\t\t\t\t\t<h4 class=\"elementor-heading-title elementor-size-default\">Cultura a raudales<\/h4>\t\t\t\t<\/div>\n\t\t\t\t<\/div>\n\t\t\t\t<div class=\"elementor-element elementor-element-be382f2 elementor-widget elementor-widget-text-editor\" data-id=\"be382f2\" data-element_type=\"widget\" data-e-type=\"widget\" data-widget_type=\"text-editor.default\">\n\t\t\t\t<div class=\"elementor-widget-container\">\n\t\t\t\t\t\t\t\t\t<p>Los siguientes viajes s\u00f3lo dan una peque\u00f1a impresi\u00f3n de lo que se puede disfrutar en Andaluc\u00eda.<\/p>\n\t\t\t\t\t\t\t\t<\/div>\n\t\t\t\t<\/div>\n\t\t\t\t<div class=\"elementor-element elementor-element-6abca99 elementor-widget elementor-widget-button\" data-id=\"6abca99\" data-element_type=\"widget\" data-e-type=\"widget\" data-widget_type=\"button.default\">\n\t\t\t\t<div class=\"elementor-widget-container\">\n\t\t\t\t\t\t\t\t\t<div class=\"elementor-button-wrapper\">\n\t\t\t\t\t<a class=\"elementor-button elementor-button-link elementor-size-sm\" href=\"https:\/\/andaluzapartments.com\/culture-galore\/\">\n\t\t\t\t\t\t<span class=\"elementor-button-content-wrapper\">\n\t\t\t\t\t\t<span class=\"elementor-button-icon\">\n\t\t\t\t<i aria-hidden=\"true\" class=\"fas fa-long-arrow-alt-right\"><\/i>\t\t\t<\/span>\n\t\t\t\t\t\t\t\t\t<span class=\"elementor-button-text\">M\u00e1s informaci\u00f3n<\/span>\n\t\t\t\t\t<\/span>\n\t\t\t\t\t<\/a>\n\t\t\t\t<\/div>\n\t\t\t\t\t\t\t\t<\/div>\n\t\t\t\t<\/div>\n\t\t\t\t\t<\/div>\n\t\t<\/div>\n\t\t\t\t\t<\/div>\n\t\t<\/section>\n\t\t\t\t<section class=\"elementor-section elementor-top-section elementor-element elementor-element-b085464 elementor-section-boxed elementor-section-height-default elementor-section-height-default\" data-id=\"b085464\" data-element_type=\"section\" data-e-type=\"section\" data-settings=\"{&quot;jet_parallax_layout_list&quot;:[]}\">\n\t\t\t\t\t\t<div class=\"elementor-container elementor-column-gap-default\">\n\t\t\t\t\t<div class=\"elementor-column elementor-col-100 elementor-top-column elementor-element elementor-element-f6cea59\" data-id=\"f6cea59\" data-element_type=\"column\" data-e-type=\"column\">\n\t\t\t<div class=\"elementor-widget-wrap elementor-element-populated\">\n\t\t\t\t\t\t<div class=\"elementor-element elementor-element-527188d elementor-widget elementor-widget-heading\" data-id=\"527188d\" data-element_type=\"widget\" data-e-type=\"widget\" data-widget_type=\"heading.default\">\n\t\t\t\t<div class=\"elementor-widget-container\">\n\t\t\t\t\t<h2 class=\"elementor-heading-title elementor-size-default\">\u00daltimas entradas<\/h2>\t\t\t\t<\/div>\n\t\t\t\t<\/div>\n\t\t\t\t<div class=\"elementor-element elementor-element-9f887cb elementor-widget elementor-widget-jet-posts\" data-id=\"9f887cb\" data-element_type=\"widget\" data-e-type=\"widget\" data-settings=\"{&quot;columns_tablet&quot;:&quot;2&quot;,&quot;columns_mobile&quot;:&quot;1&quot;,&quot;columns&quot;:3,&quot;slides_to_scroll&quot;:&quot;1&quot;}\" data-widget_type=\"jet-posts.default\">\n\t\t\t\t<div class=\"elementor-widget-container\">\n\t\t\t\t\t<div class=\"elementor-jet-posts jet-elements\"><div class=\"jet-posts col-row \"><\/div>\n<\/div>\t\t\t\t<\/div>\n\t\t\t\t<\/div>\n\t\t\t\t\t<\/div>\n\t\t<\/div>\n\t\t\t\t\t<\/div>\n\t\t<\/section>\n\t\t\t\t<\/div>\n\t\t","protected":false},"excerpt":{"rendered":"<p>Blogs Hermosa naturaleza La regi\u00f3n de Nerja y Andaluc\u00eda le ofrece hermosas playas y naturaleza. Todo esto merece sin duda una visita. M\u00e1s informaci\u00f3n Disfruta de Nerja Nerja es una acogedora y agradable localidad situada en la comarca de la Axarqu\u00eda, al este de M\u00e1laga capital, y es conocida por sus cuevas y el Balc\u00f3n [&hellip;]<\/p>\n","protected":false},"author":2,"featured_media":0,"parent":0,"menu_order":0,"comment_status":"closed","ping_status":"closed","template":"","meta":{"_acf_changed":false,"footnotes":""},"class_list":["post-40403","page","type-page","status-publish","hentry"],"acf":[],"_links":{"self":[{"href":"https:\/\/andaluzapartments.com\/es\/wp-json\/wp\/v2\/pages\/40403","targetHints":{"allow":["GET"]}}],"collection":[{"href":"https:\/\/andaluzapartments.com\/es\/wp-json\/wp\/v2\/pages"}],"about":[{"href":"https:\/\/andaluzapartments.com\/es\/wp-json\/wp\/v2\/types\/page"}],"author":[{"embeddable":true,"href":"https:\/\/andaluzapartments.com\/es\/wp-json\/wp\/v2\/users\/2"}],"replies":[{"embeddable":true,"href":"https:\/\/andaluzapartments.com\/es\/wp-json\/wp\/v2\/comments?post=40403"}],"version-history":[{"count":1,"href":"https:\/\/andaluzapartments.com\/es\/wp-json\/wp\/v2\/pages\/40403\/revisions"}],"predecessor-version":[{"id":40404,"href":"https:\/\/andaluzapartments.com\/es\/wp-json\/wp\/v2\/pages\/40403\/revisions\/40404"}],"wp:attachment":[{"href":"https:\/\/andaluzapartments.com\/es\/wp-json\/wp\/v2\/media?parent=40403"}],"curies":[{"name":"wp","href":"https:\/\/api.w.org\/{rel}","templated":true}]}}