{"id":40397,"date":"2023-04-04T11:39:28","date_gmt":"2023-04-04T09:39:28","guid":{"rendered":"https:\/\/andaluzapartments.com\/sobre-nosotros\/"},"modified":"2023-04-04T11:39:30","modified_gmt":"2023-04-04T09:39:30","slug":"sobre-nosotros","status":"publish","type":"page","link":"https:\/\/andaluzapartments.com\/es\/sobre-nosotros\/","title":{"rendered":"Sobre nosotros"},"content":{"rendered":"\t\t<div data-elementor-type=\"wp-page\" data-elementor-id=\"40397\" class=\"elementor elementor-40397 elementor-5964\" data-elementor-post-type=\"page\">\n\t\t\t\t\t\t<section class=\"elementor-section elementor-top-section elementor-element elementor-element-39a28b2 elementor-section-height-min-height elementor-section-stretched elementor-section-boxed elementor-section-height-default elementor-section-items-middle\" data-id=\"39a28b2\" data-element_type=\"section\" data-e-type=\"section\" data-settings=\"{&quot;background_background&quot;:&quot;classic&quot;,&quot;stretch_section&quot;:&quot;section-stretched&quot;,&quot;jet_parallax_layout_list&quot;:[]}\">\n\t\t\t\t\t\t<div class=\"elementor-container elementor-column-gap-wider\">\n\t\t\t\t\t<div class=\"elementor-column elementor-col-50 elementor-top-column elementor-element elementor-element-cc3c851\" data-id=\"cc3c851\" data-element_type=\"column\" data-e-type=\"column\">\n\t\t\t<div class=\"elementor-widget-wrap elementor-element-populated\">\n\t\t\t\t\t\t<div class=\"elementor-element elementor-element-7f90491 elementor-widget elementor-widget-heading\" data-id=\"7f90491\" data-element_type=\"widget\" data-e-type=\"widget\" data-widget_type=\"heading.default\">\n\t\t\t\t<div class=\"elementor-widget-container\">\n\t\t\t\t\t<h1 class=\"elementor-heading-title elementor-size-default\">Sobre nosotros<\/h1>\t\t\t\t<\/div>\n\t\t\t\t<\/div>\n\t\t\t\t<div class=\"elementor-element elementor-element-3fa2be4 elementor-widget elementor-widget-text-editor\" data-id=\"3fa2be4\" data-element_type=\"widget\" data-e-type=\"widget\" data-widget_type=\"text-editor.default\">\n\t\t\t\t<div class=\"elementor-widget-container\">\n\t\t\t\t\t\t\t\t\t<p>Despu\u00e9s de haber visitado nuestra p\u00e1gina web es posible que quiera saber qui\u00e9n est\u00e1 detr\u00e1s de Andaluz Apartments, por lo que perm\u00edtame presentarme.<\/p>\n<p>Mi nombre es Monique aunque la mayor\u00eda de la gente me llama: \u00abMoos\u00bb o \u00abMona\u00bb. Desde 1998 he estado trabajando en el turismo Hasta finales de 2009 en Holanda como gerente de un hotel perteneciente a un conocido grupo de hoteles. Aqu\u00ed he aprendido los entresijos de este oficio y he cogido la pasi\u00f3n por esta cosa llamada hospitalidad. En 2010 me ofrecieron un trabajo en Espa\u00f1a. Dirigiendo un negocio con 450 villas de vacaciones repartidas por la Costa Brava con un equipo joven y entusiasta. Mi experiencia creci\u00f3 al igual que mi entusiasmo por hacer disfrutar a la gente. Para mi marido, Patrick, y para m\u00ed, Espa\u00f1a siempre fue como un ba\u00f1o caliente. Andaluc\u00eda, en particular, nos rob\u00f3 el coraz\u00f3n mucho antes de que nos instal\u00e1ramos aqu\u00ed. Especialmente Nerja donde hemos estudiado espa\u00f1ol varias veces antes de nuestra emigraci\u00f3n. Trabajar en grandes empresas como gerente, por desgracia, te hace pasar demasiado tiempo en la gesti\u00f3n y muy poco en la parte de la gente. El contacto con los hu\u00e9spedes, hacerles sentir como en casa fuera de casa era lo m\u00edo. Fue entonces cuando surgi\u00f3 el plan de poner mi pasi\u00f3n en mi propia peque\u00f1a empresa. Una empresa en la que todo gira en torno al hu\u00e9sped y al contacto personal.<\/p>\n\t\t\t\t\t\t\t\t<\/div>\n\t\t\t\t<\/div>\n\t\t\t\t\t<\/div>\n\t\t<\/div>\n\t\t\t\t<div class=\"elementor-column elementor-col-50 elementor-top-column elementor-element elementor-element-2597d61\" data-id=\"2597d61\" data-element_type=\"column\" data-e-type=\"column\">\n\t\t\t<div class=\"elementor-widget-wrap elementor-element-populated\">\n\t\t\t\t\t\t<div class=\"elementor-element elementor-element-c5d0c90 elementor-widget elementor-widget-image\" data-id=\"c5d0c90\" data-element_type=\"widget\" data-e-type=\"widget\" data-widget_type=\"image.default\">\n\t\t\t\t<div class=\"elementor-widget-container\">\n\t\t\t\t\t\t\t\t\t\t\t\t\t\t\t<img fetchpriority=\"high\" decoding=\"async\" width=\"214\" height=\"276\" src=\"https:\/\/andaluzapartments.com\/wp-content\/uploads\/2022\/11\/img5624c587875d9.jpg\" class=\"attachment-large size-large wp-image-40230\" alt=\"\" title=\"\">\t\t\t\t\t\t\t\t\t\t\t\t\t\t\t<\/div>\n\t\t\t\t<\/div>\n\t\t\t\t\t<\/div>\n\t\t<\/div>\n\t\t\t\t\t<\/div>\n\t\t<\/section>\n\t\t\t\t<section class=\"elementor-section elementor-top-section elementor-element elementor-element-1d877b5 elementor-section-boxed elementor-section-height-default elementor-section-height-default\" data-id=\"1d877b5\" data-element_type=\"section\" data-e-type=\"section\" data-settings=\"{&quot;jet_parallax_layout_list&quot;:[]}\">\n\t\t\t\t\t\t<div class=\"elementor-container elementor-column-gap-wider\">\n\t\t\t\t\t<div class=\"elementor-column elementor-col-50 elementor-top-column elementor-element elementor-element-60f8792 elementor-hidden-mobile\" data-id=\"60f8792\" data-element_type=\"column\" data-e-type=\"column\">\n\t\t\t<div class=\"elementor-widget-wrap elementor-element-populated\">\n\t\t\t\t\t\t<div class=\"elementor-element elementor-element-5ea5e3e elementor-widget elementor-widget-image\" data-id=\"5ea5e3e\" data-element_type=\"widget\" data-e-type=\"widget\" data-widget_type=\"image.default\">\n\t\t\t\t<div class=\"elementor-widget-container\">\n\t\t\t\t\t\t\t\t\t\t\t\t\t\t\t<img decoding=\"async\" width=\"800\" height=\"534\" src=\"https:\/\/andaluzapartments.com\/wp-content\/uploads\/2022\/09\/andaluz-apartments-home-tekstblok-1024x683.jpg\" class=\"attachment-large size-large wp-image-39799\" alt=\"\" srcset=\"https:\/\/andaluzapartments.com\/wp-content\/uploads\/2022\/09\/andaluz-apartments-home-tekstblok-1024x683.jpg 1024w, https:\/\/andaluzapartments.com\/wp-content\/uploads\/2022\/09\/andaluz-apartments-home-tekstblok-300x200.jpg 300w, https:\/\/andaluzapartments.com\/wp-content\/uploads\/2022\/09\/andaluz-apartments-home-tekstblok-768x512.jpg 768w, https:\/\/andaluzapartments.com\/wp-content\/uploads\/2022\/09\/andaluz-apartments-home-tekstblok-1536x1024.jpg 1536w, https:\/\/andaluzapartments.com\/wp-content\/uploads\/2022\/09\/andaluz-apartments-home-tekstblok.jpg 2048w\" sizes=\"(max-width: 800px) 100vw, 800px\" title=\"\">\t\t\t\t\t\t\t\t\t\t\t\t\t\t\t<\/div>\n\t\t\t\t<\/div>\n\t\t\t\t\t<\/div>\n\t\t<\/div>\n\t\t\t\t<div class=\"elementor-column elementor-col-50 elementor-top-column elementor-element elementor-element-a2226d2\" data-id=\"a2226d2\" data-element_type=\"column\" data-e-type=\"column\">\n\t\t\t<div class=\"elementor-widget-wrap elementor-element-populated\">\n\t\t\t\t\t\t<div class=\"elementor-element elementor-element-3f5e734 elementor-widget elementor-widget-text-editor\" data-id=\"3f5e734\" data-element_type=\"widget\" data-e-type=\"widget\" data-widget_type=\"text-editor.default\">\n\t\t\t\t<div class=\"elementor-widget-container\">\n\t\t\t\t\t\t\t\t\t<p>En 2014 mi sue\u00f1o se hizo realidad, el sitio entr\u00f3 en el aire, los apartamentos estaban listos y se establecieron a los m\u00e1s altos est\u00e1ndares. Todo esto y el contacto personal que hemos tenido con nuestros hu\u00e9spedes hizo que bastantes de nuestros hu\u00e9spedes ya volvieran a reservar para per\u00edodos venideros. Debido a que vivimos en Nerja, los hu\u00e9spedes pueden confiar en nuestro apoyo en todo momento, ya sea sobre los consejos de cosas que ver, lugares para visitar o para ayudar con la traducci\u00f3n de las cosas grandes o peque\u00f1as. Ver a un hu\u00e9sped que se va a casa dejando sus merecidas vacaciones con una gran sonrisa en su cara y deseando volver a hacer lo mismo en cualquier momento, para nosotros es \u00abla guinda del pastel\u00bb. \u00a1Misi\u00f3n cumplida!<\/p>\n\t\t\t\t\t\t\t\t<\/div>\n\t\t\t\t<\/div>\n\t\t\t\t<div class=\"elementor-element elementor-element-e3ca777 elementor-hidden-desktop elementor-hidden-tablet elementor-widget elementor-widget-image\" data-id=\"e3ca777\" data-element_type=\"widget\" data-e-type=\"widget\" data-widget_type=\"image.default\">\n\t\t\t\t<div class=\"elementor-widget-container\">\n\t\t\t\t\t\t\t\t\t\t\t\t\t\t\t<img decoding=\"async\" width=\"800\" height=\"534\" src=\"https:\/\/andaluzapartments.com\/wp-content\/uploads\/2022\/09\/andaluz-apartments-home-tekstblok-1024x683.jpg\" class=\"attachment-large size-large wp-image-39799\" alt=\"\" srcset=\"https:\/\/andaluzapartments.com\/wp-content\/uploads\/2022\/09\/andaluz-apartments-home-tekstblok-1024x683.jpg 1024w, https:\/\/andaluzapartments.com\/wp-content\/uploads\/2022\/09\/andaluz-apartments-home-tekstblok-300x200.jpg 300w, https:\/\/andaluzapartments.com\/wp-content\/uploads\/2022\/09\/andaluz-apartments-home-tekstblok-768x512.jpg 768w, https:\/\/andaluzapartments.com\/wp-content\/uploads\/2022\/09\/andaluz-apartments-home-tekstblok-1536x1024.jpg 1536w, https:\/\/andaluzapartments.com\/wp-content\/uploads\/2022\/09\/andaluz-apartments-home-tekstblok.jpg 2048w\" sizes=\"(max-width: 800px) 100vw, 800px\" title=\"\">\t\t\t\t\t\t\t\t\t\t\t\t\t\t\t<\/div>\n\t\t\t\t<\/div>\n\t\t\t\t\t<\/div>\n\t\t<\/div>\n\t\t\t\t\t<\/div>\n\t\t<\/section>\n\t\t\t\t<section class=\"elementor-section elementor-top-section elementor-element elementor-element-faf318e elementor-section-boxed elementor-section-height-default elementor-section-height-default\" data-id=\"faf318e\" data-element_type=\"section\" data-e-type=\"section\" data-settings=\"{&quot;background_background&quot;:&quot;classic&quot;,&quot;jet_parallax_layout_list&quot;:[]}\">\n\t\t\t\t\t\t<div class=\"elementor-container elementor-column-gap-default\">\n\t\t\t\t\t<div class=\"elementor-column elementor-col-50 elementor-top-column elementor-element elementor-element-4c43fb1\" data-id=\"4c43fb1\" data-element_type=\"column\" data-e-type=\"column\">\n\t\t\t<div class=\"elementor-widget-wrap elementor-element-populated\">\n\t\t\t\t\t\t<div class=\"elementor-element elementor-element-43a62ee elementor--star-style-star_fontawesome elementor-widget elementor-widget-star-rating\" data-id=\"43a62ee\" data-element_type=\"widget\" data-e-type=\"widget\" data-widget_type=\"star-rating.default\">\n\t\t\t\t<div class=\"elementor-widget-container\">\n\t\t\t\t\t\t\t<div class=\"elementor-star-rating__wrapper\">\n\t\t\t\t\t\t<div class=\"elementor-star-rating\" itemtype=\"http:\/\/schema.org\/Rating\" itemscope=\"\" itemprop=\"reviewRating\">\n\t\t\t\t<i class=\"elementor-star-full\" aria-hidden=\"true\">&#xE934;<\/i><i class=\"elementor-star-full\" aria-hidden=\"true\">&#xE934;<\/i><i class=\"elementor-star-full\" aria-hidden=\"true\">&#xE934;<\/i><i class=\"elementor-star-full\" aria-hidden=\"true\">&#xE934;<\/i><i class=\"elementor-star-full\" aria-hidden=\"true\">&#xE934;<\/i>\t\t\t\t<span itemprop=\"ratingValue\" class=\"elementor-screen-only\">Valorado con 5 de 5<\/span>\n\t\t\t<\/div>\n\t\t<\/div>\n\t\t\t\t\t\t<\/div>\n\t\t\t\t<\/div>\n\t\t\t\t<div class=\"elementor-element elementor-element-4ff0205 elementor-widget elementor-widget-heading\" data-id=\"4ff0205\" data-element_type=\"widget\" data-e-type=\"widget\" data-widget_type=\"heading.default\">\n\t\t\t\t<div class=\"elementor-widget-container\">\n\t\t\t\t\t<h2 class=\"elementor-heading-title elementor-size-default\">98% de opiniones positivas<\/h2>\t\t\t\t<\/div>\n\t\t\t\t<\/div>\n\t\t\t\t\t<\/div>\n\t\t<\/div>\n\t\t\t\t<div class=\"elementor-column elementor-col-50 elementor-top-column elementor-element elementor-element-21e4f16\" data-id=\"21e4f16\" data-element_type=\"column\" data-e-type=\"column\">\n\t\t\t<div class=\"elementor-widget-wrap elementor-element-populated\">\n\t\t\t\t\t\t<div class=\"elementor-element elementor-element-b8d3bd1 elementor-widget elementor-widget-progress\" data-id=\"b8d3bd1\" data-element_type=\"widget\" data-e-type=\"widget\" data-widget_type=\"progress.default\">\n\t\t\t\t<div class=\"elementor-widget-container\">\n\t\t\t\t\t\t\t\t<span class=\"elementor-title\" id=\"elementor-progress-bar-b8d3bd1\">\n\t\t\t\tPrivacidad\t\t\t<\/span>\n\t\t\n\t\t<div aria-labelledby=\"elementor-progress-bar-b8d3bd1\" class=\"elementor-progress-wrapper progress-warning\" role=\"progressbar\" aria-valuemin=\"0\" aria-valuemax=\"100\" aria-valuenow=\"76\">\n\t\t\t<div class=\"elementor-progress-bar\" data-max=\"76\">\n\t\t\t\t<span class=\"elementor-progress-text\"><\/span>\n\t\t\t\t\t\t\t\t\t<span class=\"elementor-progress-percentage\">76%<\/span>\n\t\t\t\t\t\t\t<\/div>\n\t\t<\/div>\n\t\t\t\t\t\t<\/div>\n\t\t\t\t<\/div>\n\t\t\t\t<div class=\"elementor-element elementor-element-4052475 elementor-widget elementor-widget-progress\" data-id=\"4052475\" data-element_type=\"widget\" data-e-type=\"widget\" data-widget_type=\"progress.default\">\n\t\t\t\t<div class=\"elementor-widget-container\">\n\t\t\t\t\t\t\t\t<span class=\"elementor-title\" id=\"elementor-progress-bar-4052475\">\n\t\t\t\tEspacio\t\t\t<\/span>\n\t\t\n\t\t<div aria-labelledby=\"elementor-progress-bar-4052475\" class=\"elementor-progress-wrapper progress-warning\" role=\"progressbar\" aria-valuemin=\"0\" aria-valuemax=\"100\" aria-valuenow=\"86\">\n\t\t\t<div class=\"elementor-progress-bar\" data-max=\"86\">\n\t\t\t\t<span class=\"elementor-progress-text\"><\/span>\n\t\t\t\t\t\t\t\t\t<span class=\"elementor-progress-percentage\">86%<\/span>\n\t\t\t\t\t\t\t<\/div>\n\t\t<\/div>\n\t\t\t\t\t\t<\/div>\n\t\t\t\t<\/div>\n\t\t\t\t<div class=\"elementor-element elementor-element-843a62c elementor-widget elementor-widget-progress\" data-id=\"843a62c\" data-element_type=\"widget\" data-e-type=\"widget\" data-widget_type=\"progress.default\">\n\t\t\t\t<div class=\"elementor-widget-container\">\n\t\t\t\t\t\t\t\t<span class=\"elementor-title\" id=\"elementor-progress-bar-843a62c\">\n\t\t\t\tUbicaci\u00f3n\t\t\t<\/span>\n\t\t\n\t\t<div aria-labelledby=\"elementor-progress-bar-843a62c\" class=\"elementor-progress-wrapper progress-warning\" role=\"progressbar\" aria-valuemin=\"0\" aria-valuemax=\"100\" aria-valuenow=\"82\">\n\t\t\t<div class=\"elementor-progress-bar\" data-max=\"82\">\n\t\t\t\t<span class=\"elementor-progress-text\"><\/span>\n\t\t\t\t\t\t\t\t\t<span class=\"elementor-progress-percentage\">82%<\/span>\n\t\t\t\t\t\t\t<\/div>\n\t\t<\/div>\n\t\t\t\t\t\t<\/div>\n\t\t\t\t<\/div>\n\t\t\t\t<div class=\"elementor-element elementor-element-e1a552a elementor-widget elementor-widget-progress\" data-id=\"e1a552a\" data-element_type=\"widget\" data-e-type=\"widget\" data-widget_type=\"progress.default\">\n\t\t\t\t<div class=\"elementor-widget-container\">\n\t\t\t\t\t\t\t\t<span class=\"elementor-title\" id=\"elementor-progress-bar-e1a552a\">\n\t\t\t\tServicios\t\t\t<\/span>\n\t\t\n\t\t<div aria-labelledby=\"elementor-progress-bar-e1a552a\" class=\"elementor-progress-wrapper progress-warning\" role=\"progressbar\" aria-valuemin=\"0\" aria-valuemax=\"100\" aria-valuenow=\"98\">\n\t\t\t<div class=\"elementor-progress-bar\" data-max=\"98\">\n\t\t\t\t<span class=\"elementor-progress-text\"><\/span>\n\t\t\t\t\t\t\t\t\t<span class=\"elementor-progress-percentage\">98%<\/span>\n\t\t\t\t\t\t\t<\/div>\n\t\t<\/div>\n\t\t\t\t\t\t<\/div>\n\t\t\t\t<\/div>\n\t\t\t\t\t<\/div>\n\t\t<\/div>\n\t\t\t\t\t<\/div>\n\t\t<\/section>\n\t\t\t\t<\/div>\n\t\t","protected":false},"excerpt":{"rendered":"<p>Sobre nosotros Despu\u00e9s de haber visitado nuestra p\u00e1gina web es posible que quiera saber qui\u00e9n est\u00e1 detr\u00e1s de Andaluz Apartments, por lo que perm\u00edtame presentarme. Mi nombre es Monique aunque la mayor\u00eda de la gente me llama: \u00abMoos\u00bb o \u00abMona\u00bb. Desde 1998 he estado trabajando en el turismo Hasta finales de 2009 en Holanda como [&hellip;]<\/p>\n","protected":false},"author":2,"featured_media":0,"parent":0,"menu_order":0,"comment_status":"closed","ping_status":"closed","template":"","meta":{"_acf_changed":false,"footnotes":""},"class_list":["post-40397","page","type-page","status-publish","hentry"],"acf":[],"_links":{"self":[{"href":"https:\/\/andaluzapartments.com\/es\/wp-json\/wp\/v2\/pages\/40397","targetHints":{"allow":["GET"]}}],"collection":[{"href":"https:\/\/andaluzapartments.com\/es\/wp-json\/wp\/v2\/pages"}],"about":[{"href":"https:\/\/andaluzapartments.com\/es\/wp-json\/wp\/v2\/types\/page"}],"author":[{"embeddable":true,"href":"https:\/\/andaluzapartments.com\/es\/wp-json\/wp\/v2\/users\/2"}],"replies":[{"embeddable":true,"href":"https:\/\/andaluzapartments.com\/es\/wp-json\/wp\/v2\/comments?post=40397"}],"version-history":[{"count":1,"href":"https:\/\/andaluzapartments.com\/es\/wp-json\/wp\/v2\/pages\/40397\/revisions"}],"predecessor-version":[{"id":40398,"href":"https:\/\/andaluzapartments.com\/es\/wp-json\/wp\/v2\/pages\/40397\/revisions\/40398"}],"wp:attachment":[{"href":"https:\/\/andaluzapartments.com\/es\/wp-json\/wp\/v2\/media?parent=40397"}],"curies":[{"name":"wp","href":"https:\/\/api.w.org\/{rel}","templated":true}]}}